{"id":51,"date":"2014-10-28T10:28:26","date_gmt":"2014-10-28T08:28:26","guid":{"rendered":"http:\/\/arktika.lt\/?page_id=51"},"modified":"2020-05-02T19:16:13","modified_gmt":"2020-05-02T16:16:13","slug":"we","status":"publish","type":"page","link":"https:\/\/arktika.lt\/lt\/we\/","title":{"rendered":"Apie mus"},"content":{"rendered":"<p><\/p>\n<h5>Sveiki! Esu Elina ir noriu Jums pristatyti savo Sibiro haski\u0173 veislyn\u0105 &#8222;Poliarin\u0117 arktika&#8221;.<\/h5>\n<div class=\"call-out\">\n<p align=\"justify\">Savo vaikyst\u0117s atostogas a\u0161 paprastai leisdavau pas senel\u0119 kaime, nuostabioje Labanoro girioje. Mane supo nepaliesta gamta&#8230;pauk\u0161\u010diai, laukinio mi\u0161ko \u017ev\u0117rys ir \u017einoma naminiai gyv\u016bnai. Ten a\u0161 mokiausi visa tai myl\u0117ti ir ten visa tai tapo neatsiejama mano gyvenimo dalimi. V\u0117liau tai tur\u0117jo \u012ftakos renkantis biologijos-genetikos mokslus Vilniaus universitete. Vis\u0105 gyvenim\u0105 mane supo naminiai gyv\u016bnai \u2013 katinai, pauk\u0161\u010diai ar \u0161unys. Ka\u017ekada mano aistra buvo Pers\u0173 veisl\u0117s katinai, v\u0117liau a\u0161 susidom\u0117jau Azijos aviganiais. Ta\u010diau 2004 metai, kada pirm\u0105 kart\u0105 pama\u010diau Sibiro haski\u0173 veisl\u0117s \u0161uniuk\u0105 \u2013 a\u0161 supratau, kad b\u016btent \u0161i veisl\u0117 yra &#8222;mano&#8221;.<\/p>\n<\/div>\n<div class=\"call-out\">\n<div class=\"row gutter k-equal-height\">\n<div class=\"col-lg-4 col-md-4 col-sm-4 col-xs-12\">\n<p><img loading=\"lazy\" decoding=\"async\" width=\"250\" height=\"250\" class=\"alignnone size-full wp-image-501\" src=\"http:\/\/arktika.lt\/wp-content\/uploads\/2014\/10\/elina1.jpg\" alt=\"elina\" srcset=\"https:\/\/arktika.lt\/wp-content\/uploads\/2014\/10\/elina1.jpg 250w, https:\/\/arktika.lt\/wp-content\/uploads\/2014\/10\/elina1-150x150.jpg 150w\" sizes=\"(max-width: 250px) 100vw, 250px\" \/><\/p>\n<\/div>\n<div class=\"col-lg-4 col-md-4 col-sm-4 col-xs-12\">\n<p><img loading=\"lazy\" decoding=\"async\" width=\"252\" height=\"252\" class=\"alignnone size-full wp-image-502\" src=\"http:\/\/arktika.lt\/wp-content\/uploads\/2014\/10\/elina2.jpg\" alt=\"elina\" srcset=\"https:\/\/arktika.lt\/wp-content\/uploads\/2014\/10\/elina2.jpg 252w, https:\/\/arktika.lt\/wp-content\/uploads\/2014\/10\/elina2-150x150.jpg 150w\" sizes=\"(max-width: 252px) 100vw, 252px\" \/><\/p>\n<\/div>\n<div class=\"col-lg-4 col-md-4 col-sm-4 col-xs-12\">\n<p><img loading=\"lazy\" decoding=\"async\" width=\"251\" height=\"251\" class=\"alignnone size-full wp-image-499\" src=\"http:\/\/arktika.lt\/wp-content\/uploads\/2014\/10\/elina3.jpg\" alt=\"elina\" srcset=\"https:\/\/arktika.lt\/wp-content\/uploads\/2014\/10\/elina3.jpg 251w, https:\/\/arktika.lt\/wp-content\/uploads\/2014\/10\/elina3-150x150.jpg 150w\" sizes=\"(max-width: 251px) 100vw, 251px\" \/><\/p>\n<\/div>\n<\/div>\n<\/div>\n<p align=\"justify\">Vis\u0105 savo laisv\u0105 laik\u0105 a\u0161 praleid\u017eiu su \u0161unimis bei gilindamasi \u012f veisl\u0117s subtilumus. Sibiro haskis. Kuo daugiau su\u017einau apie veisl\u0119, tuo labiau ji mane \u017eavi. Ypatingai suteikia man daug teigiam\u0173 emocij\u0173 praktinis veisimas, kur galima pritaikyti genetin\u012f m\u0105stym\u0105. A\u0161 \u017einau \u2013 tai manyje liks visam gyvenimui.<\/p>\n<p align=\"justify\">Per labai trump\u0105 laik\u0105 m\u016bs\u0173 veisimo \u0161unys pasiek\u0117 puiki\u0173 rezultat\u0173. Turi tokius titulus kaip Jungtin\u0117s Karalyst\u0117s \u010dempionas, Rusijos ir RKF, Kazachstano, Azerbaid\u017eiano, Grand Arm\u0117nijos, Grand Gruzijos, Grand Azerbaid\u017eiano, Kaukazijos, Juodkalnijos, Grand Juodkalnijos, Balkan\u0173, Uzbekistano, Tailando, Kirgizstano, Lietuvos, Latvijos, Estijos, Baltijos, Slov\u0117nijos, Lenkijos ir C.I.B. INTER \u010dempionai. Top sibiro haski\u0173 veisl\u0117s \u0161uniukas Anglijoje 2015 bei Top sibiro haski\u0173 veisl\u0117s \u0161uo Anglijoje 2012. Daugkartiniai veisl\u0117s, grup\u0117s bei parod\u0173 nugal\u0117tojai. Puikiai pasirodo Pasaulinio lygio parodose. Taffy yra Europos geriausias \u0161uniukas veisl\u0117je&#8217;2011, VICE PASAULIO JAUNIMO \u010dempion\u0117&#8217;2012, VICE EUROPOS \u010dempion\u0117&#8217;2015, Chispa yra laim\u0117jusi 2010 metais Pasaulin\u0117je parodoje klas\u0119 ir yra pirmas lietuvi\u0161ko veisimo INTER CH! Chispa yra mama 19 \u010dempion\u0173! Jos dukra Taffy yra antras lietuvi\u0161ko veisimo INTER CH! Taffy sesers Mont ir Heepo s\u016bnus Gjel Gamekeeper yra Junior WORLD CHAMPION bei geriausias veisl\u0117s atstovas Best of Breed 2014 Pasaulin\u0117je parodoje! Tikim\u0117s kad ir toliau m\u016bs\u0173 veisimo \u0161unis lyd\u0117s sekm\u0117!<\/p>\n<p align=\"justify\">Vis\u0173 \u0161iame puslapyje esan\u010di\u0173 nuotrauk\u0173 neb\u016bt\u0173 be\u00a0<strong><span style=\"color: #cc9999;\">Vytenio Ma\u017eeikos<\/span><\/strong>,\u00a0<strong><span style=\"color: #cc9999;\">Svetlanos Valujevos<\/span><\/strong>,\u00a0<strong><span style=\"color: #cc9999;\">Inesos \u010cekolis-\u0160\u010dio\u010dinos<\/span><\/strong>\u00a0bei\u00a0<strong><span style=\"color: #cc9999;\">Migl\u0117s Narbutait\u0117s<\/span><\/strong>. Labai a\u010di\u016b u\u017e mums skirt\u0105 savo laik\u0105 ir u\u017e tokias nuostabias nuotraukas.<\/p>\n<p>Sveiki atvyk\u0119!<\/p>\n<p><b><i>Elina<\/i><\/b><\/p>\n<div class=\"row gutter k-equal-height\">\n<div class=\"col-lg-4 col-md-4 col-sm-4 col-xs-12\">\n<p><img decoding=\"async\" class=\"alignnone size-full wp-image-501\" src=\"http:\/\/arktika.lt\/wp-content\/uploads\/2014\/10\/Diploma.jpg\" alt=\"elina\" \/><\/p>\n<\/div>\n<div class=\"col-lg-4 col-md-4 col-sm-4 col-xs-12\">\n<p><img decoding=\"async\" class=\"alignnone size-full wp-image-502\" src=\"http:\/\/arktika.lt\/wp-content\/uploads\/2019\/10\/20190930_234124-e1572173401880.jpg\" alt=\"elina\" \/><\/p>\n<\/div>\n<div class=\"col-lg-4 col-md-4 col-sm-4 col-xs-12\">\n<p><img decoding=\"async\" class=\"alignnone size-full wp-image-502\" src=\"http:\/\/arktika.lt\/wp-content\/uploads\/2020\/05\/20200502_190220-scaled.jpg\" alt=\"elina\" \/><\/p>\n<\/div>\n<p><\/p>","protected":false},"excerpt":{"rendered":"<p>Sveiki! Esu Elina ir noriu Jums pristatyti savo Sibiro haski\u0173 veislyn\u0105 &#8222;Poliarin\u0117 arktika&#8221;. Savo vaikyst\u0117s atostogas a\u0161 paprastai leisdavau pas senel\u0119 kaime, nuostabioje Labanoro&#8230; &nbsp; <a href=\"https:\/\/arktika.lt\/lt\/we\/\" class=\"moretag\">Pla\u010diau&#8230;<\/a><\/p>\n","protected":false},"author":2,"featured_media":0,"parent":0,"menu_order":1,"comment_status":"open","ping_status":"closed","template":"page-fullwidth.php","meta":{"footnotes":""},"_links":{"self":[{"href":"https:\/\/arktika.lt\/lt\/wp-json\/wp\/v2\/pages\/51"}],"collection":[{"href":"https:\/\/arktika.lt\/lt\/wp-json\/wp\/v2\/pages"}],"about":[{"href":"https:\/\/arktika.lt\/lt\/wp-json\/wp\/v2\/types\/page"}],"author":[{"embeddable":true,"href":"https:\/\/arktika.lt\/lt\/wp-json\/wp\/v2\/users\/2"}],"replies":[{"embeddable":true,"href":"https:\/\/arktika.lt\/lt\/wp-json\/wp\/v2\/comments?post=51"}],"version-history":[{"count":0,"href":"https:\/\/arktika.lt\/lt\/wp-json\/wp\/v2\/pages\/51\/revisions"}],"wp:attachment":[{"href":"https:\/\/arktika.lt\/lt\/wp-json\/wp\/v2\/media?parent=51"}],"curies":[{"name":"wp","href":"https:\/\/api.w.org\/{rel}","templated":true}]}}