{"id":4426,"date":"2021-01-27T19:22:16","date_gmt":"2021-01-27T17:22:16","guid":{"rendered":"https:\/\/arktika.lt\/?page_id=4426"},"modified":"2021-01-27T19:50:06","modified_gmt":"2021-01-27T17:50:06","slug":"vada-g-gnomai","status":"publish","type":"page","link":"https:\/\/arktika.lt\/lt\/vada-g-gnomai\/","title":{"rendered":"Vada G &#8211; Gnomai"},"content":{"rendered":"<p>?Sibiro Haski\u0173 veislynas <strong>\u201cPoliarin\u0117 Arktika\u201d<\/strong> d\u017eiaugiasi pristatydama nauj\u0105 vad\u0105 &#8211; G. Septini (kaip septini nyk\u0161tukai) ? \u0161uniukai, kuriu t\u0117vas yra BJISMCH Snowmist\u2019s Uriah Heep Arktika ir mama Ch MBISMJCH-CH OVShow Fortune Cookie For Arktika gim\u0117 2020-11-14.<\/p>\n<p>?Vadoje 3 pilkai-balti ir vienas juodai-baltas berniukai bei 3 mergyt\u0117s.<\/p>\n<p>?\u200d\u2640\ufe0f??\u200d\u2642\ufe0fVardai yra nyk\u0161tuk\u0173 vardai i\u0161 sen\u0173 skandinavi\u0161k\u0173 run\u0173.<\/p>\n<p>Mergait\u0117s:<\/p>\n<p>Sigrun (&#8222;Pergal\u0117s runa&#8221;)<\/p>\n<p>Ulfrun (&#8222;Vilko runa&#8221;)<\/p>\n<p>Gerda* &#8211; dedikuota t\u0105 pa\u010di\u0105 dat\u0105 gimusiai m\u016bs\u0173 draugei Gerdai Ma\u017eeikien\u0117i.<\/p>\n<p>Berniukai:<\/p>\n<p>Andvari (\u201eAtsargus\u201c, \u201eAtsargi dvasia\u201c, \u201e\u0160velnus v\u0117jelis\u201c)<\/p>\n<p>Hugstari (&#8222;M\u016b\u0161io m\u0105stytojas \u201carba\u201e strategas \u201c,\u201e Dr\u0105sus&#8221;)<\/p>\n<p>Sindri (\u201eKibirk\u0161tis\u201c)<\/p>\n<p>Yngvi (\u201ePrincas\u201c arba \u201eKarys&#8221;)<\/p>\n<p>T\u0117vas: <a href=\"https:\/\/arktika.lt\/dog\/heep\/\">BJIS MCH Snowmist&#8217;s Uriah Heep Arktika<\/a><\/p>\n<p>Mama : <a href=\"https:\/\/arktika.lt\/dog\/ovshow-fortune-cookie-for-arktika-cookie\/\">MBJISMBIS MJCH-CH OVShow Fortune Cookie for Arktika<\/a><\/p>\n<p>? Esame labai d\u0117kingi Silvijai Bal\u010di\u016bnien\u0117i &amp; Justinui Bal\u010di\u016bnui u\u017e pagalb\u0105!<\/p>\n<p>\u0160irdingai d\u0117kojame u\u017e puikias nuotraukas Svetlanai Valuevai ir Sauliui Jermolajevui!<\/p>\n<h3>Foto galerijos<\/h3>\n<p>&nbsp;<\/p>\n<div class=\"\">\n<h1 class=\"title-widget\">Foto galerija<\/h1><div class=\"gallery-wrapper\"><figure class=\"gallery-last-photo clearfix\"><a href=\"https:\/\/arktika.lt\/lt\/gallery\/vada-g-gnomai\/\" title=\"Vada G &#8211; Gnomai 2020.11.14\"><img decoding=\"async\" src=\"https:\/\/arktika.lt\/wp-content\/uploads\/2020\/12\/D61H9881sm-1140x610.jpg\" class=\"attachment-post-thumbnail size-post-thumbnail wp-post-image\" alt=\"\" \/><\/a><\/figure><div class=\"gallery-info\"><span class=\"gallery-photos-num\">41<\/span><span class=\"gallery-photos-tag\">Photos<\/span><\/div><div class=\"gallery-meta\"><h1 class=\"gallery-title\"><a href=\"https:\/\/arktika.lt\/lt\/gallery\/vada-g-gnomai\/\" title=\"Vada G &#8211; Gnomai 2020.11.14\">Vada G &#8211; Gnomai 2020.11.14<\/a><\/h1><\/div><\/div>\n<\/div>\n<div class=\"\">\n<h1 class=\"title-widget\">Foto galerija<\/h1><div class=\"gallery-wrapper\"><figure class=\"gallery-last-photo clearfix\"><a href=\"https:\/\/arktika.lt\/lt\/gallery\/gnomaidanca-%f0%9f%a7%99%f0%9f%a7%99%e2%80%8d%e2%99%82%ef%b8%8f%f0%9f%a7%99%e2%80%8d%e2%99%80%ef%b8%8f%f0%9f%90%be%f0%9f%8c%9a\/\" title=\"Gnomai&#038;Danca ??\u200d\u2642\ufe0f?\u200d\u2640\ufe0f??\"><img decoding=\"async\" src=\"https:\/\/arktika.lt\/wp-content\/uploads\/2021\/01\/MG_5462_SJ-1140x610.jpg\" class=\"attachment-post-thumbnail size-post-thumbnail wp-post-image\" alt=\"\" \/><\/a><\/figure><div class=\"gallery-info\"><span class=\"gallery-photos-num\">35<\/span><span class=\"gallery-photos-tag\">Photos<\/span><\/div><div class=\"gallery-meta\"><h1 class=\"gallery-title\"><a href=\"https:\/\/arktika.lt\/lt\/gallery\/gnomaidanca-%f0%9f%a7%99%f0%9f%a7%99%e2%80%8d%e2%99%82%ef%b8%8f%f0%9f%a7%99%e2%80%8d%e2%99%80%ef%b8%8f%f0%9f%90%be%f0%9f%8c%9a\/\" title=\"Gnomai&#038;Danca ??\u200d\u2642\ufe0f?\u200d\u2640\ufe0f??\">Gnomai&#038;Danca ??\u200d\u2642\ufe0f?\u200d\u2640\ufe0f??<\/a><\/h1><\/div><\/div>\n<\/div>\n<p>&nbsp;<\/p>\n<p>&nbsp;<\/p>\n<p>&nbsp;<\/p>","protected":false},"excerpt":{"rendered":"<p>?Sibiro Haski\u0173 veislynas \u201cPoliarin\u0117 Arktika\u201d d\u017eiaugiasi pristatydama nauj\u0105 vad\u0105 &#8211; G. Septini (kaip septini nyk\u0161tukai) ? \u0161uniukai, kuriu t\u0117vas yra BJISMCH Snowmist\u2019s Uriah Heep&#8230; &nbsp; <a href=\"https:\/\/arktika.lt\/lt\/gallery\/gnomaidanca-%f0%9f%a7%99%f0%9f%a7%99%e2%80%8d%e2%99%82%ef%b8%8f%f0%9f%a7%99%e2%80%8d%e2%99%80%ef%b8%8f%f0%9f%90%be%f0%9f%8c%9a\/\" class=\"moretag\">Pla\u010diau&#8230;<\/a><\/p>\n","protected":false},"author":2,"featured_media":0,"parent":0,"menu_order":0,"comment_status":"closed","ping_status":"closed","template":"","meta":{"footnotes":""},"_links":{"self":[{"href":"https:\/\/arktika.lt\/lt\/wp-json\/wp\/v2\/pages\/4426"}],"collection":[{"href":"https:\/\/arktika.lt\/lt\/wp-json\/wp\/v2\/pages"}],"about":[{"href":"https:\/\/arktika.lt\/lt\/wp-json\/wp\/v2\/types\/page"}],"author":[{"embeddable":true,"href":"https:\/\/arktika.lt\/lt\/wp-json\/wp\/v2\/users\/2"}],"replies":[{"embeddable":true,"href":"https:\/\/arktika.lt\/lt\/wp-json\/wp\/v2\/comments?post=4426"}],"version-history":[{"count":0,"href":"https:\/\/arktika.lt\/lt\/wp-json\/wp\/v2\/pages\/4426\/revisions"}],"wp:attachment":[{"href":"https:\/\/arktika.lt\/lt\/wp-json\/wp\/v2\/media?parent=4426"}],"curies":[{"name":"wp","href":"https:\/\/api.w.org\/{rel}","templated":true}]}}