{"id":3587,"date":"2016-10-29T20:27:48","date_gmt":"2016-10-29T17:27:48","guid":{"rendered":"http:\/\/arktika.lt\/?page_id=3587"},"modified":"2016-12-04T13:49:09","modified_gmt":"2016-12-04T11:49:09","slug":"vada-d","status":"publish","type":"page","link":"https:\/\/arktika.lt\/lt\/vada-d\/","title":{"rendered":"Vada &#8211; D"},"content":{"rendered":"<p>Sibiro Haski\u0173 veislynas <strong>\u201cPoliarin\u0117 Arktika\u201d<\/strong> d\u017eiaugiasi pristatydama nauj\u0105 vad\u0105, kuri gim\u0117 spalio 13 dien\u0105, 2016 metais nuo puikaus fenotipo ir kilm\u0117s patino <strong>BISS BIS<\/strong>\u00a0<strong>IT CH<\/strong>\u00a0<a href=\"https:\/\/www.facebook.com\/acanfora.salvatore.7\/media_set?set=a.10205520303078053.1073741862.1566025809&amp;type=3\"><strong>UNICORNHILL THAT\u2019S LIABLE<\/strong>\u00a0&#8211; <strong>CASH<\/strong><\/a> ir nuo m\u016bs\u0173 gra\u017euol\u0117s, ry\u0161kiausio veislyno \u0161uns, kurios judesys yra vienas i\u0161 geriausi\u0173 Europoje &#8211; <strong>BJIS BIS MCH INTCH vJWW\u201912 vEW\u201915<\/strong> <strong><a href=\"http:\/\/arktika.lt\/dog\/taffy\/\">MAPLE TAFFY OF POLIARINE ARKTIKA &#8211; TAFFY<\/a><\/strong><\/p>\n<p>Vadoje gim\u0117 du pilkai baltos ir sidabrin\u0117s su balta spalvos patinukai bei viena sidabrin\u0117 su balta spalva kalyt\u0117.<\/p>\n<p>Labai a\u010di\u016b <strong>Acanforui Salvatore<\/strong> ir <strong>Liudmilai Viv\u010dariuk<\/strong> u\u017e pasitik\u0117jim\u0105 ir \u0161i\u0105 galimyb\u0119!<\/p>\n<table class=\" cke_show_border\" border=\"0\" width=\"650\" cellspacing=\"0\" cellpadding=\"0\" align=\"center\">\n<tbody>\n<tr>\n<td align=\"middle\" width=\"300\"><a href=\"http:\/\/arktika.lt\/en\/sibes\/heep\/\"><img loading=\"lazy\" decoding=\"async\" class=\"picborder alignnone\" src=\"http:\/\/arktika.lt\/wp-content\/uploads\/2016\/10\/pp.jpg\" alt=\"Cash\" width=\"241\" height=\"311\" \/><\/a><\/td>\n<td align=\"middle\">\u00d7<\/td>\n<td align=\"middle\" width=\"300\"><a href=\"http:\/\/arktika.lt\/en\/sibes\/taffy\/\"><img decoding=\"async\" class=\"picborder\" src=\"http:\/\/arktika.lt\/wp-content\/uploads\/2016\/10\/2379.jpg\" alt=\"~Chispa~ CHISPA de MALLORCA of ARKTIKA\" \/><\/a><\/td>\n<\/tr>\n<tr>\n<td class=\"center\" valign=\"top\"><strong><span style=\"color: #cc9999;\">Unicornhill That&#8217;s Liable<\/span><\/strong><\/td>\n<td><\/td>\n<td class=\"center\" valign=\"top\"><span style=\"color: #cc9999;\"><strong>Maple Taffy of Poliarine ARKTIKA<\/strong><\/span><\/td>\n<\/tr>\n<tr>\n<td class=\"center\" valign=\"top\">BIS BISS<\/td>\n<td><\/td>\n<td class=\"center\" valign=\"top\">BIS BJIS<\/td>\n<\/tr>\n<tr>\n<td class=\"center\" valign=\"top\">\u00a0IT CH<\/td>\n<td><\/td>\n<td class=\"center\" valign=\"top\">LT \/ LV \/ EST \/ BALT JCH-CH \/ POL \/ INTER CH<\/td>\n<\/tr>\n<tr>\n<td class=\"center\" valign=\"top\"><\/td>\n<td><\/td>\n<td class=\"center\" valign=\"top\">vJWW&#8217;12 vEW&#8217;15<\/td>\n<\/tr>\n<tr>\n<td class=\"center\" valign=\"top\">\u00a02XCACIB,\u00a02XRes CACIB, 10XBOB,\u00a03XBOG,\u00a05XCAC<\/td>\n<td><\/td>\n<td class=\"center\" valign=\"top\">LT JW&#8217;12, LV JW&#8217;12, BALT JW&#8217;12,\u00a0LT W&#8217;13, LT W&#8217;14, BALT W&#8217;14, LT W&#8217;15<\/td>\n<\/tr>\n<tr>\n<td class=\"center\" valign=\"top\">Hips B<br \/>\nElbows 0\/0<br \/>\nEyes clear<\/td>\n<td><\/td>\n<td class=\"center\" valign=\"top\">Hips A<br \/>\nElbows 0\/0<br \/>\nEyes clear<\/td>\n<\/tr>\n<tr>\n<td class=\"center\" valign=\"top\"><strong><a href=\"https:\/\/www.youtube.com\/watch?v=NRoXu8WyZBM\">VIDEO\u00a0<\/a><\/strong><strong><a href=\"https:\/\/www.youtube.com\/watch?v=w9I3S6NRLAk&amp;feature=youtu.be\">VIDEO\u00a0<\/a><\/strong><\/td>\n<td><\/td>\n<td class=\"center\" valign=\"top\"><strong>\u00a0<\/strong><strong><a href=\"https:\/\/www.youtube.com\/watch?v=P7Bq2XPNz9k\">VIDEO\u00a0<\/a>\u00a0<\/strong><strong><a href=\"https:\/\/www.youtube.com\/watch?v=2sbezjrCy6k\">VIDEO\u00a0<\/a><\/strong><\/td>\n<\/tr>\n<\/tbody>\n<\/table>\n<p class=\"center\">\u2022 <a href=\"http:\/\/arktika.lt\/lt\/pedigree-d\/\">D-vados pedigree<\/a> \u2022 <a href=\"https:\/\/www.facebook.com\/elina.sutiene\/media_set?set=a.10210980488337242.1505110101&amp;type=3\">D-vados fotogalerija\u00a0<\/a>\u2022<\/p>\n<p>Vada D &#8211;<strong> DISNEY<\/strong><\/p>\n<p><strong>Disney&#8217;s Mickey of Poliarine Arktika<\/strong> (patinas)<\/p>\n<p style=\"text-align: left;\"><img loading=\"lazy\" decoding=\"async\" class=\"aligncenter\" src=\"http:\/\/arktika.lt\/wp-content\/uploads\/2016\/10\/7d6075a742efe25cedb78cc597c3e966.jpg\" width=\"169\" height=\"295\" \/><\/p>\n<p><strong>Disney&#8217;s Shere Khan of Poliarine Arktika<\/strong> (patinas)<\/p>\n<p style=\"text-align: left;\"><img loading=\"lazy\" decoding=\"async\" class=\"aligncenter\" src=\"http:\/\/arktika.lt\/wp-content\/uploads\/2016\/10\/14717186_10207078322252592_8118341400988187685_n.jpg\" width=\"206\" height=\"206\" \/><\/p>\n<p><strong>Disney&#8217;s Pocahontas of Poliarine Arktika<\/strong> (kal\u0117)<\/p>\n<p style=\"text-align: left;\"><img loading=\"lazy\" decoding=\"async\" class=\"aligncenter\" src=\"http:\/\/arktika.lt\/wp-content\/uploads\/2016\/10\/11.jpg\" width=\"184\" height=\"268\" \/><\/p>\n<p><\/p>","protected":false},"excerpt":{"rendered":"<p>Sibiro Haski\u0173 veislynas \u201cPoliarin\u0117 Arktika\u201d d\u017eiaugiasi pristatydama nauj\u0105 vad\u0105, kuri gim\u0117 spalio 13 dien\u0105, 2016 metais nuo puikaus fenotipo ir kilm\u0117s patino BISS BIS\u00a0IT&#8230; &nbsp; <a href=\"https:\/\/arktika.lt\/lt\/vada-d\/\" class=\"moretag\">Pla\u010diau&#8230;<\/a><\/p>\n","protected":false},"author":2,"featured_media":0,"parent":0,"menu_order":0,"comment_status":"closed","ping_status":"closed","template":"","meta":{"footnotes":""},"_links":{"self":[{"href":"https:\/\/arktika.lt\/lt\/wp-json\/wp\/v2\/pages\/3587"}],"collection":[{"href":"https:\/\/arktika.lt\/lt\/wp-json\/wp\/v2\/pages"}],"about":[{"href":"https:\/\/arktika.lt\/lt\/wp-json\/wp\/v2\/types\/page"}],"author":[{"embeddable":true,"href":"https:\/\/arktika.lt\/lt\/wp-json\/wp\/v2\/users\/2"}],"replies":[{"embeddable":true,"href":"https:\/\/arktika.lt\/lt\/wp-json\/wp\/v2\/comments?post=3587"}],"version-history":[{"count":0,"href":"https:\/\/arktika.lt\/lt\/wp-json\/wp\/v2\/pages\/3587\/revisions"}],"wp:attachment":[{"href":"https:\/\/arktika.lt\/lt\/wp-json\/wp\/v2\/media?parent=3587"}],"curies":[{"name":"wp","href":"https:\/\/api.w.org\/{rel}","templated":true}]}}