{"id":1685,"date":"2016-06-29T18:48:11","date_gmt":"2016-06-29T20:48:11","guid":{"rendered":"http:\/\/arktika.lt\/?page_id=1685"},"modified":"2016-07-14T20:36:32","modified_gmt":"2016-07-14T17:36:32","slug":"c","status":"publish","type":"page","link":"https:\/\/arktika.lt\/lt\/puppies\/c\/","title":{"rendered":"Vada C-2008"},"content":{"rendered":"<p><\/p>\n<table class=\" cke_show_border\" border=\"0\" width=\"600\" cellspacing=\"0\" cellpadding=\"0\" align=\"center\">\n<tbody>\n<tr>\n<td class=\"center\" colspan=\"3\" align=\"center\" valign=\"middle\"><\/td>\n<\/tr>\n<tr>\n<td class=\"center\" width=\"300\"><a href=\"http:\/\/www.ciukci.net\/alex.htm\" target=\"_blank\"><img decoding=\"async\" class=\"ill\" src=\"http:\/\/arktika.lt\/upload\/files\/74.jpg\" alt=\"Alex\" border=\"0\" \/><\/a><\/td>\n<td class=\"center\" style=\"text-align: center;\" valign=\"middle\" width=\"300\">\u00a0x<\/td>\n<td class=\"center\" width=\"300\"><img decoding=\"async\" class=\"alignnone size-full wp-image-1880\" src=\"http:\/\/arktika.lt\/wp-content\/uploads\/2016\/06\/403-2.jpg\" alt=\"Tosiaclitter250\" \/><\/td>\n<\/tr>\n<tr>\n<td class=\"center\" valign=\"top\" width=\"300\" height=\"60\">Amerikos \u010dempionas, Islandijos\u00a0\u010dempionas<br \/>\n<span style=\"color: #cc9999;\"><a style=\"color: #cc9999;\" href=\"http:\/\/arktika.lt\/puppies\/c\/pedigree\/wolf\/\"><strong>Karnovanda&#8217;s Alexander Wolf<\/strong><\/a><\/span><\/td>\n<td><\/td>\n<td class=\"center\" valign=\"top\" width=\"300\" height=\"60\">Lietuvos jaunimo \u010dempion\u0117,<br \/>\nLietuvos \u010dempion\u0117<br \/>\n<a href=\"http:\/\/arktika.lt\/dog\/tosia\/\"><span class=\"center\"><span style=\"color: #cc9999;\"><strong>Ice-T&#8217;oshka Eskimoski Domek<\/strong><\/span><\/span><\/a><\/td>\n<\/tr>\n<\/tbody>\n<\/table>\n<p class=\"center\">\u2022<a href=\"http:\/\/arktika.lt\/puppies\/c\/pedigree\/\"> Litter pedigree <\/a>\u2022 <a href=\"https:\/\/www.facebook.com\/elina.sutiene\/media_set?set=a.1142728577469.22271.1505110101&amp;type=3\">\u0160uniukai galerija<\/a> \u2022<\/p>\n<p class=\"center\">2008 metais, liepos 31 dien\u0105 m\u016bs\u0173 veislyne gim\u0117 pirmoji vada. M\u016bs\u0173 kalytei Tosiai &#8211; Ch <a href=\"http:\/\/arktika.lt\/dog\/tosia\/\">Ice-T\u2019oshka Eskimoski Domek<\/a> (akys sveikos \/ HD A) \u012f vyrus parinkom Amerikos \u010dempion\u0105<a href=\"http:\/\/arktika.lt\/puppies\/c\/pedigree\/wolf\/\"> Karnovanda\u2019s Alexander Wolf<\/a> (akys sveikos \/ HD A), kuris buvo vieno \u017einomiausio to meto sibiro haskio, 101 kart\u0105 Amerikos ir Kanados \u0161alyse gra\u017eiausio parodos \u0161uns titul\u0105 laim\u0117jusio, sveikatos \u010dempiono \u2013 MBIS, MBISS Am\/Can.Ch <a href=\"http:\/\/arktika.lt\/puppies\/c\/pedigree\/niklas\/\">Karnovanda\u2019s Niklas Wolf<\/a> s\u016bnus. \u0160\u012f pasaul\u012f i\u0161vydo keturi patin\u0117liai ir viena kalyt\u0117.<\/p>\n<p align=\"justify\">\n<p><\/p>","protected":false},"excerpt":{"rendered":"<p>\u00a0x Amerikos \u010dempionas, Islandijos\u00a0\u010dempionas Karnovanda&#8217;s Alexander Wolf Lietuvos jaunimo \u010dempion\u0117, Lietuvos \u010dempion\u0117 Ice-T&#8217;oshka Eskimoski Domek \u2022 Litter pedigree \u2022 \u0160uniukai galerija \u2022 2008 metais,&#8230; &nbsp; <a href=\"https:\/\/arktika.lt\/lt\/puppies\/c\/\" class=\"moretag\">Pla\u010diau&#8230;<\/a><\/p>\n","protected":false},"author":1,"featured_media":0,"parent":1187,"menu_order":0,"comment_status":"closed","ping_status":"closed","template":"page-fullwidth.php","meta":{"footnotes":""},"_links":{"self":[{"href":"https:\/\/arktika.lt\/lt\/wp-json\/wp\/v2\/pages\/1685"}],"collection":[{"href":"https:\/\/arktika.lt\/lt\/wp-json\/wp\/v2\/pages"}],"about":[{"href":"https:\/\/arktika.lt\/lt\/wp-json\/wp\/v2\/types\/page"}],"author":[{"embeddable":true,"href":"https:\/\/arktika.lt\/lt\/wp-json\/wp\/v2\/users\/1"}],"replies":[{"embeddable":true,"href":"https:\/\/arktika.lt\/lt\/wp-json\/wp\/v2\/comments?post=1685"}],"version-history":[{"count":0,"href":"https:\/\/arktika.lt\/lt\/wp-json\/wp\/v2\/pages\/1685\/revisions"}],"up":[{"embeddable":true,"href":"https:\/\/arktika.lt\/lt\/wp-json\/wp\/v2\/pages\/1187"}],"wp:attachment":[{"href":"https:\/\/arktika.lt\/lt\/wp-json\/wp\/v2\/media?parent=1685"}],"curies":[{"name":"wp","href":"https:\/\/api.w.org\/{rel}","templated":true}]}}