{"id":1682,"date":"2016-06-29T18:47:17","date_gmt":"2016-06-29T20:47:17","guid":{"rendered":"http:\/\/arktika.lt\/?page_id=1682"},"modified":"2016-07-14T20:51:59","modified_gmt":"2016-07-14T17:51:59","slug":"l","status":"publish","type":"page","link":"https:\/\/arktika.lt\/lt\/puppies\/l\/","title":{"rendered":"Vada L-2010"},"content":{"rendered":"<p><\/p>\n<table class=\" cke_show_border\" border=\"0\" width=\"600\" cellspacing=\"0\" cellpadding=\"0\" align=\"center\">\n<tbody>\n<tr>\n<td class=\"center\" colspan=\"3\" align=\"center\" valign=\"middle\"><img decoding=\"async\" src=\"http:\/\/arktika.lt\/upload\/files\/111.jpg\" alt=\"Summer 2010\" border=\"0\" \/><\/td>\n<\/tr>\n<tr>\n<td class=\"center\" width=\"300\"><a href=\"http:\/\/www.dbarctic.pl\/ang\/e_casino.html\" target=\"_blank\"><img decoding=\"async\" class=\"ill\" src=\"http:\/\/arktika.lt\/upload\/files\/106.jpg\" alt=\"James\" \/><\/a><\/td>\n<td class=\"center\" valign=\"middle\" width=\"300\">\u00d7<\/td>\n<td class=\"center\" width=\"300\"><a href=\"http:\/\/arktika.lt\/en\/sibes\/tosia\"><img decoding=\"async\" class=\"ill\" src=\"http:\/\/arktika.lt\/upload\/files\/108.jpg\" alt=\"Tosia\" border=\"0\" \/><\/a><\/td>\n<\/tr>\n<tr>\n<td class=\"center\" valign=\"top\" width=\"300\" height=\"60\">MultiJunior Winner, Multi best In Show<br \/>\nInter Ch, PL JCh, SK \/ CR \/ De Ch<br \/>\n<strong><span style=\"color: #cc9999;\">Casino Royale Of Cool Water<\/span><\/strong><a href=\"http:\/\/www.dbarctic.pl\/ang\/e_casino.html\" target=\"_blank\"><img decoding=\"async\" src=\"http:\/\/arktika.lt\/upload\/files\/109.jpg\" alt=\"James\" border=\"0\" \/><\/a><\/td>\n<td><\/td>\n<td class=\"center\" valign=\"top\" width=\"300\" height=\"60\">LT JCH, LT \/ LV Ch<br \/>\n<span class=\"center\"><span style=\"color: #cc9999;\"><strong>Ice T&#8217;oshka Eskimoski Domek<\/strong><\/span> <a href=\"http:\/\/arktika.lt\/en\/sibes\/tosia\"><img decoding=\"async\" src=\"http:\/\/arktika.lt\/upload\/files\/110.jpg\" border=\"0\" \/><\/a><\/span><\/td>\n<\/tr>\n<\/tbody>\n<\/table>\n<p class=\"center\">\u2022 <a href=\"http:\/\/arktika.lt\/en\/puppies\/l\/pedigree\/\">Litter pedigree<\/a> \u2022\u00a0<a href=\"https:\/\/www.facebook.com\/elina.sutiene\/media_set?set=a.1458006219213.60439.1505110101&amp;type=3\">\u0160uniukai galerija<\/a>\u00a0\u2022<\/p>\n<p class=\"center\">M\u016bs\u0173 kalytei Tosiai &#8211; LT JCH, LT\/LV CH <a href=\"http:\/\/arktika.lt\/dog\/tosia\/\">Ice-T\u2019oshka Eskimoski Domek<\/a> (akys sveikos \/ HD A) \u012f vyrus \u0161\u012f kart\u0105 parinkom puik\u0173 veisl\u0117s atstov\u0105, importuot\u0105 i\u0161 vieno geriausi\u0173 Pranc\u016bzijos COOL WATER veislyn\u0173 \u2013 MULTI JUNIOR WINNER, MULTI BEST IN SHOW, INTER CH, JPL CH, PL CH, SK CH, CR CH, D CH <a href=\"http:\/\/www.dbarctic.pl\/ang\/e_casino.html\">Casino Royale Of Cool Water <\/a>(akys sveikos \/ HD A). Abu t\u0117vai pasi\u017eymi puikia sveikata bei temperamentu!<\/p>\n<p align=\"justify\">\n<p><\/p>","protected":false},"excerpt":{"rendered":"<p>\u00d7 MultiJunior Winner, Multi best In Show Inter Ch, PL JCh, SK \/ CR \/ De Ch Casino Royale Of Cool Water LT JCH,&#8230; &nbsp; <a href=\"https:\/\/arktika.lt\/lt\/puppies\/l\/\" class=\"moretag\">Pla\u010diau&#8230;<\/a><\/p>\n","protected":false},"author":1,"featured_media":0,"parent":1187,"menu_order":0,"comment_status":"closed","ping_status":"closed","template":"page-fullwidth.php","meta":{"footnotes":""},"_links":{"self":[{"href":"https:\/\/arktika.lt\/lt\/wp-json\/wp\/v2\/pages\/1682"}],"collection":[{"href":"https:\/\/arktika.lt\/lt\/wp-json\/wp\/v2\/pages"}],"about":[{"href":"https:\/\/arktika.lt\/lt\/wp-json\/wp\/v2\/types\/page"}],"author":[{"embeddable":true,"href":"https:\/\/arktika.lt\/lt\/wp-json\/wp\/v2\/users\/1"}],"replies":[{"embeddable":true,"href":"https:\/\/arktika.lt\/lt\/wp-json\/wp\/v2\/comments?post=1682"}],"version-history":[{"count":0,"href":"https:\/\/arktika.lt\/lt\/wp-json\/wp\/v2\/pages\/1682\/revisions"}],"up":[{"embeddable":true,"href":"https:\/\/arktika.lt\/lt\/wp-json\/wp\/v2\/pages\/1187"}],"wp:attachment":[{"href":"https:\/\/arktika.lt\/lt\/wp-json\/wp\/v2\/media?parent=1682"}],"curies":[{"name":"wp","href":"https:\/\/api.w.org\/{rel}","templated":true}]}}