{"id":1679,"date":"2016-06-29T18:46:03","date_gmt":"2016-06-29T20:46:03","guid":{"rendered":"http:\/\/arktika.lt\/?page_id=1679"},"modified":"2016-07-14T20:55:44","modified_gmt":"2016-07-14T17:55:44","slug":"m","status":"publish","type":"page","link":"https:\/\/arktika.lt\/lt\/puppies\/m\/","title":{"rendered":"Vada M-2011"},"content":{"rendered":"<p><\/p>\n<table class=\" cke_show_border\" border=\"0\" width=\"600\" cellspacing=\"0\" cellpadding=\"0\" align=\"center\">\n<tbody>\n<tr>\n<td class=\"center\" colspan=\"3\" align=\"center\" valign=\"middle\"><\/td>\n<\/tr>\n<tr>\n<td class=\"center\" width=\"300\"><a href=\"http:\/\/www.snoebearsiberians.com\/fizzy\" target=\"_blank\"><img decoding=\"async\" class=\"ill\" src=\"http:\/\/arktika.lt\/upload\/files\/120.jpg\" alt=\"Fizzy\" \/><\/a><\/td>\n<td class=\"center\" valign=\"middle\" width=\"300\">\u00d7<\/td>\n<td class=\"center\" width=\"300\"><a href=\"http:\/\/arktika.lt\/en\/sibes\/chispa\/\"><img decoding=\"async\" class=\"ill\" src=\"http:\/\/arktika.lt\/upload\/files\/121.jpg\" alt=\"Chispa\" \/><\/a><\/td>\n<\/tr>\n<tr>\n<td class=\"center\" valign=\"top\" width=\"300\" height=\"60\">BJIS BIS Multi JCh-Ch<br \/>\n<strong><span style=\"color: #cc9999;\">Snowmist&#8217;s Quicksilver Speigas<\/span><\/strong><a href=\"http:\/\/www.siberians.eu\/\" target=\"_blank\"><img decoding=\"async\" src=\"http:\/\/arktika.lt\/upload\/files\/122.jpg\" alt=\"Fizzy\" border=\"0\" \/><\/a><\/td>\n<td><\/td>\n<td class=\"center\" valign=\"top\" width=\"300\" height=\"60\">BPIS BPISS Multi JCh-Ch<br \/>\n<span class=\"center\"><span style=\"color: #cc9999;\"><strong>Chispa De Mallorca Of Arktika<\/strong><\/span><\/span><a href=\"http:\/\/arktika.lt\/en\/sibes\/chispa\/\"><img decoding=\"async\" src=\"http:\/\/arktika.lt\/upload\/files\/123.jpg\" alt=\"Chispa\" border=\"0\" \/><\/a><\/td>\n<\/tr>\n<tr>\n<td class=\"center\" valign=\"top\" width=\"300\" height=\"60\">Hips A\/A , Elbows 0\/0,<br \/>\nEyes clear (Certificate 2010)<a href=\"http:\/\/www.youtube.com\/user\/SIBERIJA?feature=mhum#p\/u\/37\/Jq94G7spZUA\">video<\/a>, <a href=\"http:\/\/www.youtube.com\/user\/SIBERIJA?feature=mhum#p\/u\/28\/lRvSLUxEq7Q\">video<\/a>, <a href=\"http:\/\/www.youtube.com\/user\/SIBERIJA?feature=mhum#p\/u\/31\/hW6jZw-WWlc\">video<\/a>, <a href=\"http:\/\/www.youtube.com\/user\/SIBERIJA?feature=mhum#p\/u\/34\/j5lnvgHwsDE\">video<\/a><\/td>\n<td><\/td>\n<td class=\"center\" valign=\"top\" width=\"300\" height=\"60\">Hips A\/A , Elbows 0\/0,<br \/>\nEyes clear (Certificate 2010),<br \/>\nPRA Optigen normal\/clear<br \/>\n<a href=\"http:\/\/www.youtube.com\/user\/SIBERIJA?feature=mhum#p\/u\/33\/jYNSt7IaWmk\">video<\/a>, <a href=\"http:\/\/www.youtube.com\/user\/SIBERIJA?feature=mhum#p\/u\/30\/9i8Pe-WDMlg\">video<\/a><\/td>\n<\/tr>\n<\/tbody>\n<\/table>\n<p class=\"center\">\u2022 <a href=\"http:\/\/arktika.lt\/lt\/puppies\/m\/pedigree\/\">M-litter pedigree<\/a> \u2022 <a href=\"https:\/\/www.facebook.com\/elina.sutiene\/media_set?set=a.2053941437221.123504.1505110101&amp;type=3\">M-litter gallery<\/a> \u2022<\/p>\n<p align=\"justify\">\n<p>Labai d\u017eiaugiam\u0117s pristatydami m\u016bs\u0173 ilgai laukt\u0105 vad\u0105, kuri gim\u0117 baland\u017eio 7 dien\u0105, 2011 metais nuo m\u016bs\u0173 nuostabiosios ledi \u010cispos &#8211; BPIS BPISS Multi JCH-CH <a href=\"http:\/\/arktika.lt\/dog\/chispa\/\">CHISPA de MALLORCA of ARKTIKA<\/a> ir nuo ypatingo veisl\u0117s reproduktoriaus su garsiais kraujo ry\u0161iais Fizzio &#8211; BJIS BIS Multi JCH-CH <a href=\"http:\/\/www.snoebearsiberians.com\/fizzy\">SNOWMIST\u2019S QUICKSILVER SPEIGAS<\/a>.<\/p>\n<p>\u010cispa yra viena i\u0161 garsiausi\u0173 haski\u0173 &#8211; 101 kart\u0105 Amerikos ir Kanados \u0161alyse gra\u017eiausio parodos \u0161uns titul\u0105 laim\u0117jusio- MBIS MBISS AM CAN CH <a href=\"http:\/\/arktika.lt\/puppies\/c\/pedigree\/niklas\/\">Karnovanda\u2019s Niklas Wolf<\/a>\u2018s an\u016bk\u0117.<\/p>\n<p>Fizzis yra TOP # 1 USA 2008 BIS BISS AM CAN CH <a href=\"http:\/\/arktika.lt\/puppies\/m\/pedigree\/carter\/\">Coventry\u2019s Peace Negotiator\u2019<\/a>s ir TOP Canada BIS BISS Westminster 2009 AOM AM CAN CH Davik\u2019s Snowmist Ice Fox\u2019s s\u016bnus bei MULTI BISS AOM AM CH Innisfree\u2019s Chips Ahoy\u2019s an\u016bkas.<\/p>\n<p>\u0160\u012f pasaul\u012f i\u0161vydo du gra\u017e\u016bs juodai baltos spalvos patinukai ir trys \u017eavios pilkai baltos patel\u0117s.<\/p>\n<p><a href=\"http:\/\/www.youtube.com\/user\/SIBERIJA?feature=mhum#p\/u\" target=\"_blank\">VIDEO YouTube<\/a><\/p>","protected":false},"excerpt":{"rendered":"<p>\u00d7 BJIS BIS Multi JCh-Ch Snowmist&#8217;s Quicksilver Speigas BPIS BPISS Multi JCh-Ch Chispa De Mallorca Of Arktika Hips A\/A , Elbows 0\/0, Eyes clear&#8230; &nbsp; <a href=\"https:\/\/arktika.lt\/lt\/puppies\/m\/\" class=\"moretag\">Pla\u010diau&#8230;<\/a><\/p>\n","protected":false},"author":1,"featured_media":0,"parent":1187,"menu_order":0,"comment_status":"closed","ping_status":"closed","template":"page-fullwidth.php","meta":{"footnotes":""},"_links":{"self":[{"href":"https:\/\/arktika.lt\/lt\/wp-json\/wp\/v2\/pages\/1679"}],"collection":[{"href":"https:\/\/arktika.lt\/lt\/wp-json\/wp\/v2\/pages"}],"about":[{"href":"https:\/\/arktika.lt\/lt\/wp-json\/wp\/v2\/types\/page"}],"author":[{"embeddable":true,"href":"https:\/\/arktika.lt\/lt\/wp-json\/wp\/v2\/users\/1"}],"replies":[{"embeddable":true,"href":"https:\/\/arktika.lt\/lt\/wp-json\/wp\/v2\/comments?post=1679"}],"version-history":[{"count":0,"href":"https:\/\/arktika.lt\/lt\/wp-json\/wp\/v2\/pages\/1679\/revisions"}],"up":[{"embeddable":true,"href":"https:\/\/arktika.lt\/lt\/wp-json\/wp\/v2\/pages\/1187"}],"wp:attachment":[{"href":"https:\/\/arktika.lt\/lt\/wp-json\/wp\/v2\/media?parent=1679"}],"curies":[{"name":"wp","href":"https:\/\/api.w.org\/{rel}","templated":true}]}}