{"id":1676,"date":"2016-06-29T18:45:14","date_gmt":"2016-06-29T15:45:14","guid":{"rendered":"http:\/\/arktika.lt\/?page_id=1676"},"modified":"2016-07-14T21:12:09","modified_gmt":"2016-07-14T18:12:09","slug":"b","status":"publish","type":"page","link":"https:\/\/arktika.lt\/lt\/puppies\/b\/","title":{"rendered":"Vada B-2012"},"content":{"rendered":"<p><\/p>\n<div align=\"center\">\n<table class=\" cke_show_border\" border=\"0\" width=\"650\" cellspacing=\"0\" cellpadding=\"0\" align=\"center\">\n<tbody>\n<tr>\n<td align=\"center\" width=\"300\"><a href=\"http:\/\/arktika.lt\/en\/sibes\/heep\/\"><img loading=\"lazy\" decoding=\"async\" class=\"ill\" src=\"http:\/\/arktika.lt\/upload\/files\/221.jpg\" alt=\"~Heep~ SNOWMIST'S Uriah Heep Arktika\" width=\"240\" height=\"300\" \/><\/a><\/td>\n<td align=\"center\">\u00d7<\/td>\n<td align=\"center\" width=\"300\"><a href=\"http:\/\/arktika.lt\/en\/sibes\/chispa\/\"><img loading=\"lazy\" decoding=\"async\" class=\"\" src=\"http:\/\/arktika.lt\/upload\/files\/198.jpg\" alt=\"~Chispa~ CHISPA de MALLORCA of ARKTIKA\" width=\"240\" height=\"300\" border=\"0\" \/><\/a><\/td>\n<\/tr>\n<tr>\n<td class=\"center\" valign=\"top\"><a href=\"http:\/\/arktika.lt\/en\/sibes\/heep\/\"><img decoding=\"async\" src=\"http:\/\/arktika.lt\/design\/names\/heep.png\" alt=\"Heep\" border=\"0\" \/><\/a><br \/>\n<strong><span style=\"color: #cc9999;\">Snowmist&#8217;s Uriah Heep Arktika<\/span><\/strong><br \/>\nBPIS V,\u00a0BJIS<br \/>\nLT JCH, LV JCHLT JW&#8217;12, LV JW&#8217;12Hips A\/A<br \/>\nElbows 0\/0<br \/>\nEyes clear (Certificate 2012)video<\/td>\n<td><\/td>\n<td class=\"center\" valign=\"top\"><a href=\"http:\/\/arktika.lt\/en\/sibes\/chispa\/\"><img decoding=\"async\" src=\"http:\/\/arktika.lt\/design\/names\/chispa.png\" alt=\"Chispa\" border=\"0\" \/><\/a><br \/>\n<span style=\"color: #cc9999;\"><strong>Chispa De Mallorca Of Arktika<\/strong><\/span><br \/>\nPBIS-PBISS, LT-LV-EST-BALT JCH-CH<br \/>\nSLO CH<br \/>\nINTER CH<br \/>\nEST JW&#8217;09, BALT W&#8217;10,\u00a0LT W&#8217;12, LV W&#8217;12Hips A\/A<br \/>\nElbows 0\/0<br \/>\nEyes clear (Certificate 2010, 2012, 2015)<br \/>\nPRA Optigen normal \/ clear<a href=\"http:\/\/www.youtube.com\/watch?v=EPCL484BaFg\" target=\"_blank\"><br \/>\nvideo<\/a><\/td>\n<\/tr>\n<\/tbody>\n<\/table>\n<\/div>\n<p>&nbsp;<\/p>\n<p>Bir\u017eelio 9 dien\u0105, 2012 metais gim\u0117 antroji vada nuo m\u016bs\u0173 gra\u017euol\u0117s \u010cispos &#8211; BPIS BPISS INTER Multi JCH-CH <a href=\"http:\/\/arktika.lt\/dog\/chispa\/\">CHISPA de MALLORCA of ARKTIKA<\/a> ir m\u016bs\u0173 kanadie\u010dio, puikaus eksterjero bei kilm\u0117s patino Heepo &#8211; BJIS Lt\/Lv JCH <a href=\"http:\/\/arktika.lt\/dog\/heep\/\">SNOWMIST\u2019S Uriah Heep Arktika<\/a>. \u010cispa yra viena i\u0161 garsiausi\u0173 haski\u0173 &#8211; 101 kart\u0105 Amerikos ir Kanados \u0161alyse gra\u017eiausio parodos \u0161uns titul\u0105 laim\u0117jusio &#8211; MBIS MBISS AM CAN CH <a href=\"http:\/\/arktika.lt\/puppies\/c\/pedigree\/niklas\/\">Karnovanda\u2019s Niklas Wol<\/a>f\u2018s an\u016bk\u0117.<\/p>\n<p>Heepas yra TOP # 1 USA 2008 BIS BISS AM CAN CH <a href=\"http:\/\/www.snoebearsiberians.com\/carter\">Coventry\u2019s Peace Negotiator <\/a>ir Multi BIS Multi BISS AM CAN CH Snowmist\u2019s Legally Blonde s\u016bnus bei MULTI BISS AOM AM CH Innisfree\u2019s Chips Ahoy\u2019s an\u016bkas.<\/p>\n<p>\u0160\u012f pasaul\u012f i\u0161vydo vienas gra\u017eus tamsiai pilkos spalvos patinukas ir penkios \u017eavios patel\u0117s (viena tamsiai pilka, dvi pilkai baltos, viena juodai balta bei viena \u0161viesiai rudos spalvos).<\/p>\n<p>Tikim\u0117s ma\u017eyliai i\u0161augs pana\u0161\u016bs \u012f savo t\u0117velius bei \u017eymius giminai\u010dius!<\/p>\n<p><a href=\"http:\/\/www.youtube.com\/watch?v=jCQ0qbBzCJI&amp;list=UUJXPF1I3IMZA4XzyViivIDA&amp;index=3&amp;feature=plcp\" target=\"_blank\">VIDEO YouTube<\/a><\/p>\n<div id=\"cke_pastebin\">\u2022\u00a0<a href=\"http:\/\/arktika.lt\/lt\/puppies\/b\/pedigree\/\">B-litter pedigree<\/a>\u00a0\u2022\u00a0<a href=\"https:\/\/www.facebook.com\/elina.sutiene\/media_set?set=a.4153867814068.170717.1505110101&amp;type=3\">B-litter gallery<\/a>\u00a0\u2022<\/div>\n<p><\/p>","protected":false},"excerpt":{"rendered":"<p>\u00d7 Snowmist&#8217;s Uriah Heep Arktika BPIS V,\u00a0BJIS LT JCH, LV JCHLT JW&#8217;12, LV JW&#8217;12Hips A\/A Elbows 0\/0 Eyes clear (Certificate 2012)video Chispa De Mallorca&#8230; &nbsp; <a href=\"https:\/\/arktika.lt\/lt\/puppies\/b\/\" class=\"moretag\">Pla\u010diau&#8230;<\/a><\/p>\n","protected":false},"author":2,"featured_media":0,"parent":1187,"menu_order":0,"comment_status":"closed","ping_status":"closed","template":"page-fullwidth.php","meta":{"footnotes":""},"_links":{"self":[{"href":"https:\/\/arktika.lt\/lt\/wp-json\/wp\/v2\/pages\/1676"}],"collection":[{"href":"https:\/\/arktika.lt\/lt\/wp-json\/wp\/v2\/pages"}],"about":[{"href":"https:\/\/arktika.lt\/lt\/wp-json\/wp\/v2\/types\/page"}],"author":[{"embeddable":true,"href":"https:\/\/arktika.lt\/lt\/wp-json\/wp\/v2\/users\/2"}],"replies":[{"embeddable":true,"href":"https:\/\/arktika.lt\/lt\/wp-json\/wp\/v2\/comments?post=1676"}],"version-history":[{"count":0,"href":"https:\/\/arktika.lt\/lt\/wp-json\/wp\/v2\/pages\/1676\/revisions"}],"up":[{"embeddable":true,"href":"https:\/\/arktika.lt\/lt\/wp-json\/wp\/v2\/pages\/1187"}],"wp:attachment":[{"href":"https:\/\/arktika.lt\/lt\/wp-json\/wp\/v2\/media?parent=1676"}],"curies":[{"name":"wp","href":"https:\/\/api.w.org\/{rel}","templated":true}]}}