{"id":1674,"date":"2016-06-29T18:44:10","date_gmt":"2016-06-29T15:44:10","guid":{"rendered":"http:\/\/arktika.lt\/?page_id=1674"},"modified":"2016-10-29T20:30:07","modified_gmt":"2016-10-29T17:30:07","slug":"n","status":"publish","type":"page","link":"https:\/\/arktika.lt\/lt\/puppies\/n\/","title":{"rendered":"Vada &#8211; N"},"content":{"rendered":"<p>Sibiro haski\u0173 veislyne \u201cPoliarin\u0117 Arktika\u201d, liepos 17 dien\u0105, 2014 metais gim\u0117 penki nuostab\u016bs \u0161uniukai nuo Heepo &#8211; <a href=\"http:\/\/arktika.lt\/dog\/heep\/\">Snowmist\u2019s Uriah Heep Arktika<\/a> ir Taffy &#8211; <a href=\"http:\/\/arktika.lt\/dog\/taffy\/\">Maple Taffy of Poliarine Arktika<\/a>. Vadoje gim\u0117 du pilkai balti ir du juodai balti patinukai, bei viena pilkai balta patel\u0117. Kilm\u0117s medyje BIS\/BISS Am\/Can Ch Coventry\u2019s Peace Negotiator yra Heepo s\u016bnus ir Taffy senelis.<\/p>\n<table class=\" cke_show_border\" border=\"0\" width=\"650\" cellspacing=\"0\" cellpadding=\"0\" align=\"center\">\n<tbody>\n<tr>\n<td align=\"middle\" width=\"300\"><a href=\"http:\/\/arktika.lt\/en\/sibes\/heep\/\"><img decoding=\"async\" class=\"picborder\" src=\"http:\/\/arktika.lt\/upload\/files\/221.jpg\" alt=\"~Heep~ SNOWMIST'S Uriah Heep Arktika\" \/><\/a><\/td>\n<td align=\"middle\">\u00d7<\/td>\n<td align=\"middle\" width=\"300\"><a href=\"http:\/\/arktika.lt\/en\/sibes\/taffy\/\"><img decoding=\"async\" class=\"picborder\" src=\"http:\/\/arktika.lt\/upload\/files\/256.jpg\" alt=\"~Chispa~ CHISPA de MALLORCA of ARKTIKA\" \/><\/a><\/td>\n<\/tr>\n<tr>\n<td class=\"center\" valign=\"top\"><a href=\"http:\/\/arktika.lt\/en\/sibes\/heep\/\"><img decoding=\"async\" src=\"http:\/\/arktika.lt\/design\/names\/heep.png\" alt=\"Heep\" border=\"0\" \/><\/a><br \/>\n<strong><span style=\"color: #cc9999;\">Snowmist&#8217;s Uriah Heep Arktika<\/span><\/strong><\/td>\n<td><\/td>\n<td class=\"center\" valign=\"top\"><a href=\"http:\/\/arktika.lt\/en\/sibes\/taffy\/\"><img decoding=\"async\" src=\"http:\/\/arktika.lt\/design\/names\/taffy.png\" alt=\"Chispa\" \/><\/a><br \/>\n<span style=\"color: #cc9999;\"><strong>Maple Taffy of Poliarine ARKTIKA<\/strong><\/span><\/td>\n<\/tr>\n<tr>\n<td class=\"center\" valign=\"top\">BJIS<\/td>\n<td><\/td>\n<td class=\"center\" valign=\"top\">BIS BJIS rJWW&#8217;12 rEW&#8217;15<\/td>\n<\/tr>\n<tr>\n<td class=\"center\" valign=\"top\">AM \/ CAN \/ POL \/ EST \/ LT \/ LV \/ BALT CH<\/td>\n<td><\/td>\n<td class=\"center\" valign=\"top\">LT \/ LV \/ EST \/ BALT \/ POL CH<\/td>\n<\/tr>\n<tr>\n<td class=\"center\" valign=\"top\">INTER CH<\/td>\n<td><\/td>\n<td class=\"center\" valign=\"top\">INTER CH<\/td>\n<\/tr>\n<tr>\n<td class=\"center\" valign=\"top\">LT \/ LV JCH<\/td>\n<td><\/td>\n<td class=\"center\" valign=\"top\">LT \/ LV \/ EST \/ BALT JCH<\/td>\n<\/tr>\n<tr>\n<td class=\"center\" valign=\"top\">LT JW&#8217;12, LV JW&#8217;12<\/td>\n<td><\/td>\n<td class=\"center\" valign=\"top\">LT JW&#8217;12, LV JW&#8217;12, BALT JW&#8217;12,\u00a0LT W&#8217;13, LT W&#8217;14, BALT W&#8217;14, LT W&#8217;15<\/td>\n<\/tr>\n<tr>\n<td class=\"center\" valign=\"top\">Hips A\/A<br \/>\nElbows 0\/0<br \/>\nEyes clear<\/td>\n<td><\/td>\n<td class=\"center\" valign=\"top\">Hips A\/A<br \/>\nElbows 0\/0<br \/>\nEyes clear<\/td>\n<\/tr>\n<tr>\n<td class=\"center\" valign=\"top\"><a href=\"https:\/\/www.youtube.com\/watch?v=seHMn5pnYxY\" target=\"_blank\">video<\/a><\/td>\n<td><\/td>\n<td class=\"center\" valign=\"top\"><a href=\"https:\/\/www.youtube.com\/watch?v=WmcAmbHUt1c\" target=\"_blank\">video<\/a><\/td>\n<\/tr>\n<\/tbody>\n<\/table>\n<p class=\"center\">\u2022 <a href=\"http:\/\/arktika.lt\/en\/puppies\/n\/pedigree\/\">N-litter pedigree<\/a> \u2022 <a href=\"https:\/\/www.facebook.com\/elina.sutiene\/media_set?set=a.10204495542697654.1505110101&amp;type=3\">N-litter gallery<\/a> \u2022<\/p>\n<p><em>Vados N vardai<\/em> &#8211; NORTH WINDS :<\/p>\n<p><em>Pilkas patin\u0117lis 1<\/em>\u00a0<strong>Nor&#8217;wester of Poliarine Arktika<\/strong>\u00a0&#8211;\u00a0<a href=\"http:\/\/en.wikipedia.org\/wiki\/Nor%27wester\">http:\/\/en.wikipedia.org\/wiki\/Nor%27wester<\/a><br \/>\n*Nor&#8217;wester This is a very warm wind which can blow for days on end in the province of Canterbury New Zealand. The effect is especially felt in the city of Christchurch. The wind comes in from the Tasman Sea, drys as it rises over the Southern Alps, heats as it decends, crosses the Canterbury Plains, then blows through Christchurch.. (Kerry Fitzpatrick)*<\/p>\n<p><em>\u00a0Pilkas patin\u0117lis 2\u00a0<\/em><strong>Nor&#8217;easter of Poliarine Arktika &#8211;\u00a0<\/strong><a href=\"http:\/\/en.wikipedia.org\/wiki\/Nor'easter\">http:\/\/en.wikipedia.org\/wiki\/Nor&#8217;easter<\/a><br \/>\n*Nor&#8217;easter A northeast wind, particularly a strong wind or gale; an unusually strong storm preceded by northeast winds off the coast of New England. Also called Northeaster. (Glossary of Weather and Climate)*<\/p>\n<p><em>Juodai baltas patin\u0117lis\u00a01<\/em> <strong>Norther of Poliarine Arktika &#8211;<\/strong>\u00a0<a href=\"http:\/\/ggweather.com\/winds.html\">http:\/\/ggweather.com\/winds.html<\/a><br \/>\n*Norther A cold strong northerly wind in the Southern Plains of the United States, especially in Texas, which results in a drastic drop in air temperatures. Also called a Blue Norther. (Glossary of Weather and Climate)*<\/p>\n<p><em>Juodai baltas patin\u0117lis\u00a02<\/em> <strong>Njord of Poliarine Arktika &#8211;<\/strong>\u00a0<a href=\"http:\/\/en.m.wikipedia.org\/wiki\/Nj%C3%B6r%C3%B0r\">http:\/\/en.m.wikipedia.org\/wiki\/Nj%C3%B6r%C3%B0r<\/a><br \/>\n*Njord was the god of the sea and winds in Norse mythology. He is the father of Freyr (Lord) and Freya (Lady) and leader of the Vanir. Njord married the giantess Skadi when he visited Asgard, the home of the Aesir gods.*<\/p>\n<p><i>Pilkai balta kalyt\u0117<\/i>\u00a0\u00a0<strong>Ninlil of Poliarine Arktika<\/strong>\u00a0&#8211;\u00a0<a href=\"http:\/\/en.wikipedia.org\/wiki\/Ninlil\">http:\/\/en.wikipedia.org\/wiki\/Ninlil<\/a><br \/>\n*Ninlil, goddess of the wind and consort of Enlil (Mesopotamic mythology). Her husband Enlil was associated with northerly winter storms. As &#8222;Lady Wind&#8221; she may be associated with the figure of the Akkadian demon &#8222;Lil-itu&#8221;, thought to have been the origin of the Hebrew Lilith legend. Enlil is the king and Ninlil is the queen.*<\/p>","protected":false},"excerpt":{"rendered":"<p>Sibiro haski\u0173 veislyne \u201cPoliarin\u0117 Arktika\u201d, liepos 17 dien\u0105, 2014 metais gim\u0117 penki nuostab\u016bs \u0161uniukai nuo Heepo &#8211; Snowmist\u2019s Uriah Heep Arktika ir Taffy &#8211;&#8230; &nbsp; <a href=\"https:\/\/arktika.lt\/lt\/puppies\/n\/\" class=\"moretag\">Pla\u010diau&#8230;<\/a><\/p>\n","protected":false},"author":1,"featured_media":0,"parent":1187,"menu_order":0,"comment_status":"closed","ping_status":"closed","template":"page-fullwidth.php","meta":{"footnotes":""},"_links":{"self":[{"href":"https:\/\/arktika.lt\/lt\/wp-json\/wp\/v2\/pages\/1674"}],"collection":[{"href":"https:\/\/arktika.lt\/lt\/wp-json\/wp\/v2\/pages"}],"about":[{"href":"https:\/\/arktika.lt\/lt\/wp-json\/wp\/v2\/types\/page"}],"author":[{"embeddable":true,"href":"https:\/\/arktika.lt\/lt\/wp-json\/wp\/v2\/users\/1"}],"replies":[{"embeddable":true,"href":"https:\/\/arktika.lt\/lt\/wp-json\/wp\/v2\/comments?post=1674"}],"version-history":[{"count":0,"href":"https:\/\/arktika.lt\/lt\/wp-json\/wp\/v2\/pages\/1674\/revisions"}],"up":[{"embeddable":true,"href":"https:\/\/arktika.lt\/lt\/wp-json\/wp\/v2\/pages\/1187"}],"wp:attachment":[{"href":"https:\/\/arktika.lt\/lt\/wp-json\/wp\/v2\/media?parent=1674"}],"curies":[{"name":"wp","href":"https:\/\/api.w.org\/{rel}","templated":true}]}}