{"id":1671,"date":"2016-06-29T18:42:13","date_gmt":"2016-06-29T15:42:13","guid":{"rendered":"http:\/\/arktika.lt\/?page_id=1671"},"modified":"2016-07-18T23:14:23","modified_gmt":"2016-07-18T20:14:23","slug":"a","status":"publish","type":"page","link":"https:\/\/arktika.lt\/lt\/puppies\/a\/","title":{"rendered":"Vada A"},"content":{"rendered":"<p>Sibiro Haski\u0173 veislynas \u201cPoliarin\u0117 Arktika\u201d d\u017eiaugiasi skelbdama nauj\u0105 vad\u0105, kuri gim\u0117 lapkri\u010dio 29 dien\u0105, 2015 metais nuo ypatingo veisl\u0117s atstovo\u00a0<a href=\"http:\/\/www.snoebearsiberians.com\/fizzy\">Fizzio<\/a> ir nuo nuostabiosios ledi<a href=\"http:\/\/arktika.lt\/dog\/chispa\/\"> \u010cispos<\/a>. Vadoje gim\u0117 du pilkai baltos spalvos patinukai, viena juodai balta bei dvi pilkai baltos patel\u0117s.<\/p>\n<p>Pra\u0117jusioje vadoje 2011 metais, \u0161ios poros \u0161uniukai i\u0161augo \u012f puikius parodinius \u0161unis:<\/p>\n<p>BJIS BIS MCH C.I.B. CH, VICE EUROPEAN CHAMPION\u2019 2015 (19 CACIB)\u00a0<a href=\"http:\/\/arktika.lt\/dog\/taffy\/\">Maple Taffy of Poliarine Arktika<\/a>,<\/p>\n<p>BJIS BISS MCH <a href=\"http:\/\/arktika.lt\/dog\/mont-royal-of-poliarine-arktika\/\">Mont Royal of Poliarine Arktika<\/a>, mother of JWW\u201914, BOB Helsinki\u20192014 GJEL GAMEKEEPER,<\/p>\n<p>BIS GB UK CH<a href=\"http:\/\/arktika.lt\/dog\/michi\/\"> Miramichi of Poliarine Arktika<\/a> JW SHCM, Top Siberian husky in the UK 2012!<\/p>\n<p>\u0421H <a href=\"http:\/\/arktika.lt\/dog\/marvel-niagara-of-poliarine-arktika\/\">Marvel Niagara<\/a> of Poliarine Arktika bei JCH-CH <a href=\"http:\/\/arktika.lt\/dog\/mowat-farley-of-poliarine-arktika\/\">Mowat Farley of Poliarine Arktika.<\/a><\/p>\n<p>Mes labai d\u017eiaugiam\u0117s \u0161ios vados \u0161uniuk\u0173 pasiekimais. Labai a\u010di\u016b visiems \u0161uniuk\u0173 savininkams bei tikim\u0117s, kad \u0161i, pakartotina vada, pasieks dar daugiau!<\/p>\n<table class=\" cke_show_border\" style=\"height: 1090px;\" border=\"0\" width=\"577\" cellspacing=\"0\" cellpadding=\"0\" align=\"center\">\n<tbody>\n<tr>\n<td align=\"middle\" width=\"300\"><a href=\"http:\/\/www.snoebearsiberians.com\/fizzy\"><img loading=\"lazy\" decoding=\"async\" class=\"alignnone\" src=\"http:\/\/arktika.lt\/wp-content\/uploads\/2016\/07\/182703_204071092943333_5468640_n.jpg\" width=\"250\" height=\"250\" \/><\/a><\/td>\n<td style=\"text-align: center;\">\u00d7<\/td>\n<td align=\"middle\" width=\"300\"><a href=\"http:\/\/arktika.lt\/en\/dog\/chispa\/\"><img loading=\"lazy\" decoding=\"async\" class=\"alignnone\" src=\"http:\/\/arktika.lt\/wp-content\/uploads\/2016\/07\/851-1.jpg\" width=\"252\" height=\"252\" \/><\/a><\/td>\n<\/tr>\n<tr>\n<td class=\"center\" valign=\"top\"><a href=\"http:\/\/arktika.lt\/en\/sibes\/heep\/\"><img decoding=\"async\" src=\"http:\/\/arktika.lt\/upload\/files\/122.jpg\" alt=\"Heep\" \/><\/a><br \/>\n<strong>Snowmist\u2019s Quicksilver Speigas<\/strong><\/td>\n<td><\/td>\n<td class=\"center\" valign=\"top\"><a href=\"http:\/\/arktika.lt\/en\/sibes\/chispa\/\"><img decoding=\"async\" src=\"http:\/\/arktika.lt\/upload\/files\/123.jpg\" alt=\"Chispa\" \/><\/a><br \/>\n<strong>Chispa de Mallorca of Arktika<\/strong><\/td>\n<\/tr>\n<tr>\n<td class=\"center\" valign=\"top\">LITH\/LAT\/EST\/BALT\/CAN\/AM CH\/AM GCH<\/td>\n<td><\/td>\n<td class=\"center\" valign=\"top\">LT\/LV\/EST\/BALT Jr CH-CH\/SLO\/C.I.B. INT CH<\/td>\n<\/tr>\n<tr>\n<td class=\"center\" valign=\"top\">Multiple BIS Winner,\u00a015xBISS winner<\/td>\n<td><\/td>\n<td class=\"center\" valign=\"top\">Estonian Junior Winner`09<\/td>\n<\/tr>\n<tr>\n<td class=\"center\" valign=\"top\">8 All Breed Best in Shows<\/td>\n<td><\/td>\n<td class=\"center\" valign=\"top\">Baltik Winner`10<\/td>\n<\/tr>\n<tr>\n<td class=\"center\">#1 Siberian Husky in USA in the breed points &#8211; 2013<\/td>\n<td><\/td>\n<td class=\"center\" valign=\"top\">WDS Herning`10 class WINNER<\/td>\n<\/tr>\n<tr>\n<td class=\"center\">#1 Siberian Husky in the USA in All Breed points &#8211; 2013<\/td>\n<td><\/td>\n<td class=\"center\" valign=\"top\">LITHUANIAN WINNER&#8217;2012<\/td>\n<\/tr>\n<tr>\n<td class=\"center\" valign=\"top\">#10 Working Dog in the USA &#8211; 2013<\/td>\n<td><\/td>\n<td class=\"center\" valign=\"top\">LATVIAN WINNER&#8217;2012<\/td>\n<\/tr>\n<tr>\n<td class=\"center\">World Winner and Group 1 at the WDS &#8211; 2012<\/td>\n<td><\/td>\n<td class=\"center\" valign=\"top\">Crufts Qualification`10`11<\/td>\n<\/tr>\n<tr>\n<td class=\"center\">Best of Winners at the SHCA National Specialty &#8211; 2011<\/td>\n<td><\/td>\n<td class=\"center\" valign=\"top\"><\/td>\n<\/tr>\n<tr>\n<td class=\"center\">Select Dog, Best Stud Dog &amp; Top 20 Winner at the SHCA National Specialty 2013<\/td>\n<td><\/td>\n<td class=\"center\" valign=\"top\">Mother of 14 Champions from 3 litter.<\/td>\n<\/tr>\n<tr>\n<td class=\"center\" valign=\"top\">Westminster&#8217;14 BOB<\/td>\n<td><\/td>\n<td class=\"center\" valign=\"top\"><\/td>\n<\/tr>\n<tr>\n<td class=\"center\" valign=\"top\"><a href=\"http:\/\/www.youtube.com\/watch?v=iog7nVle3Ao&amp;index=19&amp;list=FLJXPF1I3IMZA4XzyViivIDA\">\u00a0VIDEO<\/a><\/td>\n<td><\/td>\n<td class=\"center\" valign=\"top\">\u00a0<a href=\"https:\/\/www.youtube.com\/watch?v=EPCL484BaFg\">VIDEO<\/a><\/td>\n<\/tr>\n<tr>\n<td class=\"center\" valign=\"top\">Hips A\/A , Elbows 0\/0, Eyes clear<\/td>\n<td><\/td>\n<td class=\"center\" valign=\"top\">Hips A\/A , Elbows 0\/0, Eyes clear (Certificate 2010, 2012, 2015), PRA Optigen normal\/clear!<\/td>\n<\/tr>\n<\/tbody>\n<\/table>\n<p class=\"center\">\u2022 <a href=\"http:\/\/arktika.lt\/en\/puppies\/m\/pedigree\/\">A-litter pedigree<\/a> \u2022 <a href=\"https:\/\/www.facebook.com\/elina.sutiene\/media_set?set=a.10208355384431285.1505110101&amp;type=3\">A-litter gallery<\/a> \u2022<\/p>\n<p><em>Vados A vardai<\/em> &#8211; BIRDS:<\/p>\n<p>1.\u00a0<em>Pilkai baltas patinukas<\/em> su didele balta d\u0117me ant keteros, kuri pana\u0161i \u012f skrendant\u012f gandr\u0105\u00a0&#8211;\u00a0<strong>*ARROW STORK*<\/strong><br \/>\nAbout &#8211;\u00a0<a href=\"https:\/\/en.wikipedia.org\/wiki\/Pfeilstorch\">https:\/\/en.wikipedia.org\/wiki\/Pfeilstorch<\/a><\/p>\n<p>2. <em>Pilkai baltas patinukas<\/em>\u00a0&#8211;\u00a0<strong>*ALL ALONE PIGEON*<\/strong><br \/>\nPigeon that was awarded the Dickin Medal for delivering an important message following a flight<br \/>\nof over 400 miles\u00a0in one day in August 1943;<br \/>\nserved with the National Pigeon Service\u00a0<a href=\"https:\/\/en.m.wikipedia.org\/wiki\/Dickin_Medal\">https:\/\/en.m.wikipedia.org\/wiki\/Dickin_Medal<\/a><\/p>\n<p>3. <em>Juodai balta kalyt\u0117<\/em>\u00a0&#8211;\u00a0<strong>*ANGRY BIRD*<\/strong><\/p>\n<p>4.<em> Pilkai balta kalyt\u0117<\/em> su balta d\u0117me ant keteros\u00a0&#8211;\u00a0<strong>*ALPHA CYGNI*<\/strong><br \/>\nThe brightest star in the Swan Constellation\u00a0<a href=\"https:\/\/en.wikipedia.org\/wiki\/Deneb\">https:\/\/en.wikipedia.org\/wiki\/Deneb<\/a><\/p>\n<p>5.\u00a0<em>Grey\/white female<\/em>\u00a0&#8211;\u00a0<strong>*AIRSPEED of a SWALLOW*<\/strong><\/p>","protected":false},"excerpt":{"rendered":"<p>Sibiro Haski\u0173 veislynas \u201cPoliarin\u0117 Arktika\u201d d\u017eiaugiasi skelbdama nauj\u0105 vad\u0105, kuri gim\u0117 lapkri\u010dio 29 dien\u0105, 2015 metais nuo ypatingo veisl\u0117s atstovo\u00a0Fizzio ir nuo nuostabiosios ledi&#8230; &nbsp; <a href=\"https:\/\/arktika.lt\/lt\/puppies\/a\/\" class=\"moretag\">Pla\u010diau&#8230;<\/a><\/p>\n","protected":false},"author":2,"featured_media":0,"parent":1187,"menu_order":0,"comment_status":"closed","ping_status":"closed","template":"page-fullwidth.php","meta":{"footnotes":""},"_links":{"self":[{"href":"https:\/\/arktika.lt\/lt\/wp-json\/wp\/v2\/pages\/1671"}],"collection":[{"href":"https:\/\/arktika.lt\/lt\/wp-json\/wp\/v2\/pages"}],"about":[{"href":"https:\/\/arktika.lt\/lt\/wp-json\/wp\/v2\/types\/page"}],"author":[{"embeddable":true,"href":"https:\/\/arktika.lt\/lt\/wp-json\/wp\/v2\/users\/2"}],"replies":[{"embeddable":true,"href":"https:\/\/arktika.lt\/lt\/wp-json\/wp\/v2\/comments?post=1671"}],"version-history":[{"count":0,"href":"https:\/\/arktika.lt\/lt\/wp-json\/wp\/v2\/pages\/1671\/revisions"}],"up":[{"embeddable":true,"href":"https:\/\/arktika.lt\/lt\/wp-json\/wp\/v2\/pages\/1187"}],"wp:attachment":[{"href":"https:\/\/arktika.lt\/lt\/wp-json\/wp\/v2\/media?parent=1671"}],"curies":[{"name":"wp","href":"https:\/\/api.w.org\/{rel}","templated":true}]}}