{"id":1669,"date":"2016-06-29T18:40:44","date_gmt":"2016-06-29T15:40:44","guid":{"rendered":"http:\/\/arktika.lt\/?page_id=1669"},"modified":"2016-07-20T01:29:45","modified_gmt":"2016-07-19T22:29:45","slug":"t","status":"publish","type":"page","link":"https:\/\/arktika.lt\/lt\/puppies\/t\/","title":{"rendered":"Vada T"},"content":{"rendered":"<p>Sibiro haski\u0173 veislynas \u201cPoliarin\u0117 Arktika\u201d d\u017eiaugiasi pristatydama nauj\u0105 vad\u0105, kuri gim\u0117 Gruod\u017eio 5 dien\u0105, 2013 metais nuo <a href=\"http:\/\/arktika.lt\/dog\/heep\/\">Heepo<\/a> ir <a href=\"http:\/\/arktika.lt\/dog\/chispa\/\">\u010cispos<\/a>. Veislyne gim\u0117 \u0161e\u0161i nuostab\u016bs ma\u017eyliai &#8211; vienas pilkai baltos ir vienas \u0161viesiai rudos spalvos patinukai, bei viena ruda ir trys pilkai baltos patel\u0117s.<\/p>\n<table class=\" cke_show_border\" border=\"0\" width=\"650\" cellspacing=\"0\" cellpadding=\"0\" align=\"center\">\n<tbody>\n<tr>\n<td align=\"center\" width=\"300\"><a href=\"http:\/\/arktika.lt\/en\/sibes\/heep\/\"><img decoding=\"async\" class=\"picborder\" src=\"http:\/\/arktika.lt\/upload\/files\/221.jpg\" alt=\"~Heep~ SNOWMIST'S Uriah Heep Arktika\" \/><\/a><\/td>\n<td align=\"center\">\u00d7<\/td>\n<td align=\"center\" width=\"300\"><a href=\"http:\/\/arktika.lt\/en\/sibes\/chispa\/\"><img decoding=\"async\" class=\"picborder\" src=\"http:\/\/arktika.lt\/upload\/files\/239.jpg\" alt=\"~Chispa~ CHISPA de MALLORCA of ARKTIKA\" \/><\/a><\/td>\n<\/tr>\n<tr>\n<td class=\"center\" valign=\"top\"><a href=\"http:\/\/arktika.lt\/en\/sibes\/heep\/\"><img decoding=\"async\" src=\"http:\/\/arktika.lt\/design\/names\/heep.png\" alt=\"Heep\" border=\"0\" \/><\/a><br \/>\n<strong><span style=\"color: #cc9999;\">Snowmist&#8217;s Uriah Heep Arktika<\/span><\/strong><\/td>\n<td><\/td>\n<td class=\"center\" valign=\"top\"><a href=\"http:\/\/arktika.lt\/en\/sibes\/chispa\/\"><img decoding=\"async\" src=\"http:\/\/arktika.lt\/design\/names\/chispa.png\" alt=\"Chispa\" border=\"0\" \/><\/a><br \/>\n<span style=\"color: #cc9999;\"><strong>Chispa De Mallorca Of Arktika<\/strong><\/span><\/td>\n<\/tr>\n<tr>\n<td class=\"center\" valign=\"top\">BPIS V,\u00a0BJIS<\/td>\n<td><\/td>\n<td class=\"center\" valign=\"top\">PBIS, PBISS<\/td>\n<\/tr>\n<tr>\n<td class=\"center\" valign=\"top\">AM \/ CAN \/ POL \/ EST \/ LT CH<\/td>\n<td><\/td>\n<td class=\"center\" valign=\"top\">LT \/ LV \/ EST \/ BALT \/ SLO CH<\/td>\n<\/tr>\n<tr>\n<td class=\"center\" valign=\"top\">INTER CH<\/td>\n<td><\/td>\n<td class=\"center\" valign=\"top\">INTER CH<\/td>\n<\/tr>\n<tr>\n<td class=\"center\" valign=\"top\">LT \/ LV JCH<\/td>\n<td><\/td>\n<td class=\"center\" valign=\"top\">LT \/ LV \/ EST \/ BALT JCH<\/td>\n<\/tr>\n<tr>\n<td class=\"center\" valign=\"top\">LT JW&#8217;12, LV JW&#8217;12<\/td>\n<td><\/td>\n<td class=\"center\" valign=\"top\">EST JW&#8217;09, BALT W&#8217;10,\u00a0LT W&#8217;12, LV W&#8217;12<\/td>\n<\/tr>\n<tr>\n<td class=\"center\" valign=\"top\">Hips A\/A<br \/>\nElbows 0\/0<br \/>\nEyes clear (Certificate 2012)<\/td>\n<td><\/td>\n<td class=\"center\" valign=\"top\">Hips A\/A<br \/>\nElbows 0\/0<br \/>\nEyes clear (Certificate 2010, 2012)<br \/>\nPRA Optigen normal \/ clear<\/td>\n<\/tr>\n<tr>\n<td class=\"center\" valign=\"top\"><a href=\"http:\/\/www.youtube.com\/watch?v=BlliqCTCmXo\/\" target=\"_blank\">video<\/a><\/td>\n<td><\/td>\n<td class=\"center\" valign=\"top\"><a href=\"http:\/\/www.youtube.com\/watch?v=EPCL484BaFg\" target=\"_blank\">video<\/a><\/td>\n<\/tr>\n<\/tbody>\n<\/table>\n<p class=\"center\">\u2022 <a href=\"http:\/\/arktika.lt\/en\/puppies\/b\/pedigree\/\">T-litter pedigree<\/a> \u2022 <a href=\"https:\/\/www.facebook.com\/elina.sutiene\/media_set?set=a.10202932557023989.1505110101&amp;type=3&amp;qsefr=1\">T-litter gallery<\/a> \u2022<\/p>\n<p>Vardai :<br \/>\n<i>Pilka kalyt\u0117<\/i> \u00a0<strong>The Lady Galadriel of Poliarine Arktika<\/strong> &#8211; <a href=\"http:\/\/lotr.wikia.com\/wiki\/Galadriel\">http:\/\/lotr.wikia.com\/wiki\/Galadriel<\/a><br \/>\n*Galadriel was the co-ruler and Lady of Lothl\u00f3rien along with her husband, Lord Celeborn.*<\/p>\n<p><em><i>Pilka kalyt\u0117<\/i>\u00a02<\/em> <strong>Tinuviel Of Poliarine Arktika<\/strong> &#8211; <a href=\"http:\/\/lotr.wikia.com\/wiki\/L%C3%BAthien\">http:\/\/lotr.wikia.com\/wiki\/L%C3%BAthien<\/a><br \/>\n*L\u00fathien Tin\u00faviel, was an Elf Maiden of Doriath, the wife of Beren Erchamion, and the most beautiful of all the Children of Il\u00favatar that has ever lived.*<\/p>\n<p><em><i>Pilka kalyt\u0117<\/i>\u00a03<\/em> <strong>Thenin Arwen of Poliarine Arktika<\/strong> &#8211; <a href=\"http:\/\/lotr.wikia.com\/wiki\/Arwen\">http:\/\/lotr.wikia.com\/wiki\/Arwen<\/a><br \/>\n*Arwen was the Half-Elven daughter of Elrond who was also known as Arwen Und\u00f3miel or Arwen Evenstar in Middle-earth. In marrying Aragorn II Elessar after the War of the Ring, she became Queen of the Reunited Kingdom of Arnor and Gondor, and like Beren and L\u00fathien before her she united Elf and Man in peaceful love and harmony, and became mortal. Thenin &#8211; in language of elves is strong, loyal, faithful*<\/p>\n<p><i>Ruda kalyt\u0117<\/i>\u00a0\u00a0<strong>Tauriel of Poliarine Arktika<\/strong>\u00a0&#8211; <a href=\"http:\/\/lotr.wikia.com\/wiki\/Tauriel\">http:\/\/lotr.wikia.com\/wiki\/Tauriel<\/a><br \/>\n*Tauriel is a warrior and a captain of the Elven guard of Thranduil&#8217;s woodland realm*<\/p>\n<p><i>Pilkas patin\u0117lis<\/i> \u00a0<strong>Thranduil of Poliarine Arktika &#8211;<\/strong> <a href=\"http:\/\/lotr.wikia.com\/wiki\/Thranduil\">http:\/\/lotr.wikia.com\/wiki\/Thranduil<\/a><br \/>\n*Thranduil was a Sindarin elf, King of the Woodland Realm, and father of Legolas.*<\/p>\n<p><em>\u0160viesiai rudas\u00a0<\/em><i>patin\u0117lis\u00a0<\/i><strong>Tom Bombadil of Poliarine Arktika<\/strong>\u00a0&#8211; <a href=\"http:\/\/lotr.wikia.com\/wiki\/Tom_Bombadil\">http:\/\/lotr.wikia.com\/wiki\/Tom_Bombadil<\/a><br \/>\n*Tom Bombadil is called by the Elves Iarwain Ben-adar &#8222;Oldest and Fatherless&#8221; in Sindarin, and dwelt in the valley of the river Withywindle, east of the Shire. He set himself boundaries within which his power was extraordinary.*<\/p>\n<p><strong>______________________________________________________<\/strong><br \/>\nPra\u0117jusioje vadoje, \u0161ios poros \u0161uniukai i\u0161augo \u012f puikius parodinius \u0161unis &#8211; Lietuvos\/Latvijos\/Estijos\/Baltijos Jaunimo \u010cempion\u0117, Azerbaid\u017eiano \u010dempion\u0117 <a href=\"http:\/\/arktika.lt\/dog\/blooming-jasmine-of-poliarine-arktika\/\">Blooming Jasmine of Poliarine Arktika<\/a>, Ukrainos Jaunimo \u010dempion\u0117, \u010dempion\u0117 <a href=\"http:\/\/arktika.lt\/dog\/baileys-candy-of-poliarine-arktika\/\">Baileys Candy of Poliarine Arktika<\/a>, Daugkartinis gra\u017eiausias parodos \u0161uniukas bei ma\u017eylis, Rusijos ir RKF \u010dempion\u0117, Rusijos Grand \u010dempion\u0117, Nacionalinio veisles klubo \u010dempion\u0117, Rusijos jaunimo \u010dempion\u0117 bei Nacionalinio veisles klubo jaunimo \u010dempion\u0117 <a href=\"http:\/\/arktika.lt\/dog\/balada-boa-of-poliarine-arktika\/\">Balada Boa of Poliarine Arktika<\/a>, Geriausias jaunimo \u0161uo parodoje, Rusijos ir RKF, Rusijos Grand \u010dempion\u0117, Nacionalinio veisles klubo \u010dempion\u0117, Lietuvos \u010dempion\u0117, Rusijos jaunimo \u010dempion\u0117, Darbin\u0117s kategorijos (klas\u0117s) \u0161un\u0173 kinkini\u0173 \u010dempion\u0117 bei Gra\u017eiausias parodos \u0161uniukas specializuotoje parodoje <a href=\"http:\/\/arktika.lt\/dog\/butterfly-vanessa-of-poliarine-arktika-but\/\">Butterfly Vanessa of Poliarine Arktika<\/a>, daugkartinis geriausias veisl\u0117s \u0161uniukas ir gra\u017eiausias parodos \u0161uniukas tre\u010dia ir ketvirta vietos <a href=\"https:\/\/z-1-scontent-waw1-1.xx.fbcdn.net\/v\/t1.0-9\/1911916_10203271882066903_329589795_n.jpg?oh=7a6ff49f455394e3163a1345c3588593&amp;oe=57F18141\">Bulletproof of Poliarine Arktika.<\/a><\/p>\n<p>Mes labai d\u017eiaugiam\u0117s \u0161ios vados \u0161uniuk\u0173 pasiekimais. Labai a\u010di\u016b visiems \u0161uniuk\u0173 savininkams bei tikim\u0117s, kad \u0161i, pakartotina vada, pasieks dar daugiau!<\/p>","protected":false},"excerpt":{"rendered":"<p>Sibiro haski\u0173 veislynas \u201cPoliarin\u0117 Arktika\u201d d\u017eiaugiasi pristatydama nauj\u0105 vad\u0105, kuri gim\u0117 Gruod\u017eio 5 dien\u0105, 2013 metais nuo Heepo ir \u010cispos. Veislyne gim\u0117 \u0161e\u0161i nuostab\u016bs&#8230; &nbsp; <a href=\"https:\/\/arktika.lt\/lt\/puppies\/t\/\" class=\"moretag\">Pla\u010diau&#8230;<\/a><\/p>\n","protected":false},"author":1,"featured_media":0,"parent":1187,"menu_order":0,"comment_status":"closed","ping_status":"closed","template":"page-fullwidth.php","meta":{"footnotes":""},"_links":{"self":[{"href":"https:\/\/arktika.lt\/lt\/wp-json\/wp\/v2\/pages\/1669"}],"collection":[{"href":"https:\/\/arktika.lt\/lt\/wp-json\/wp\/v2\/pages"}],"about":[{"href":"https:\/\/arktika.lt\/lt\/wp-json\/wp\/v2\/types\/page"}],"author":[{"embeddable":true,"href":"https:\/\/arktika.lt\/lt\/wp-json\/wp\/v2\/users\/1"}],"replies":[{"embeddable":true,"href":"https:\/\/arktika.lt\/lt\/wp-json\/wp\/v2\/comments?post=1669"}],"version-history":[{"count":0,"href":"https:\/\/arktika.lt\/lt\/wp-json\/wp\/v2\/pages\/1669\/revisions"}],"up":[{"embeddable":true,"href":"https:\/\/arktika.lt\/lt\/wp-json\/wp\/v2\/pages\/1187"}],"wp:attachment":[{"href":"https:\/\/arktika.lt\/lt\/wp-json\/wp\/v2\/media?parent=1669"}],"curies":[{"name":"wp","href":"https:\/\/api.w.org\/{rel}","templated":true}]}}