{"id":1190,"date":"2016-06-27T09:48:46","date_gmt":"2016-06-27T06:48:46","guid":{"rendered":"http:\/\/arktika.lt\/?page_id=1190"},"modified":"2016-07-01T01:41:30","modified_gmt":"2016-06-30T22:41:30","slug":"sled","status":"publish","type":"page","link":"https:\/\/arktika.lt\/lt\/sled\/","title":{"rendered":"Kinkymo sportas"},"content":{"rendered":"<p><a href=\"http:\/\/arktika.lt\/wp-content\/uploads\/2016\/06\/sled.jpg\" class=\"gallery_colorbox\"><img loading=\"lazy\" decoding=\"async\" width=\"250\" height=\"250\" class=\"size-full wp-image-1198 alignright\" src=\"http:\/\/arktika.lt\/wp-content\/uploads\/2016\/06\/sled.jpg\"  alt=\"sled\" srcset=\"https:\/\/arktika.lt\/wp-content\/uploads\/2016\/06\/sled.jpg 250w, https:\/\/arktika.lt\/wp-content\/uploads\/2016\/06\/sled-150x150.jpg 150w\" sizes=\"(max-width: 250px) 100vw, 250px\" \/><\/a>Tamsus egli\u0173 mi\u0161kas r\u016bs\u010diai niaukst\u0117si abipus u\u017e\u0161alusios up\u0117s vagos. Neseniai pra\u016b\u017e\u0119s v\u0117jas nudrask\u0117 nuo med\u017ei\u0173 balt\u0105 \u0161erk\u0161no apdar\u0105, ir jie tarsi glaust\u0117si vienas prie kito, juodi ir gr\u0117smingi bl\u0117stan\u010dioje dienos \u0161viesoje. Neapr\u0117piama tyla gaub\u0117 vis\u0105 kra\u0161t\u0105. O patsai kra\u0161tas atrod\u0117 nyki dykuma &#8211; be gyvyb\u0117s, be jud\u0117jimo &#8211; toks vieni\u0161as ir \u0161altas, jog net per ma\u017ea b\u016bt\u0173 pasakyti, kad jis li\u016bdnas. Jame \u0161m\u0117\u017e\u010diojo juoko u\u017euomina, bet tas juokas buvo daug baisesnis u\u017e bet kur\u012f li\u016bdes\u012f, &#8211; juokas, toks ned\u017eiaugsmingas, kaip sfinkso \u0161ypsena, juokas, \u0161altas kaip speigas, ir persunktas begalinio siaubo. Tai buvo valdinga ir nenusakoma am\u017einyb\u0117s i\u0161mintis, am\u017einyb\u0117s, besijuokian\u010dios i\u0161 gyvyb\u0117s menkumo ir gyvyb\u0117s pastang\u0173. Tai buvo Tyrai &#8211; \u017eiaur\u016bs, iki pat gelmi\u0173 \u012f\u0161al\u0119 \u0161iaur\u0117s Tyrai.<\/p>\n<blockquote><p>Bet \u010dia buvo gyvyb\u0117 &#8211; atkakli, visame kra\u0161te pasklidusi gyvyb\u0117. U\u017e\u0161alusios up\u0117s vaga pl\u016bk\u0117si vilkini\u0173 \u0161un\u0173 kinkinys.<small>D\u017eekas Londonas, <cite title=\"Baltoji Iltis\">&#8222;Baltoji Iltis&#8221;<\/cite><\/small><\/p><\/blockquote>\n<p>\u017davingi, p\u016bkuoti it \u017eaisliukai, da\u017enai m\u0117lynakiai haskio \u0161uniukai su\u017eav\u0117jo ne vien\u0105 asmen\u012f. Patys populiariausi i\u0161 ketverto \u0160iaur\u0117s \u0161un\u0173. Ar tai i\u0161ties \u0161uo kiekvienam? Nors jis ir atrodo kaip \u017eaisliukas, jame snaud\u017eia tikro sportininko, keliautojo ir med\u017eioklio dvasia. Kiekvienas, nusprend\u0119s, kad nori Sibiro haskio, turi pa\u017einti tikr\u0105j\u0105 jo nat\u016br\u0105, tikro kinkomojo \u0161uns nat\u016br\u0105.<\/p>\n<h3>Foto galerija<\/h3>\n<ul class=\"k-gallery-grid list-unstyled k-equal-height\"><li class='col-lg-3 col-md-3 col-sm-6 col-xs-12'><figure><a href=\"https:\/\/arktika.lt\/wp-content\/uploads\/2008\/11\/420.jpg\" class=\"gallery_colorbox\" title=\"420\" data-id=\"gallery-fb-1190\"><img loading=\"lazy\" decoding=\"async\" width=\"600\" height=\"450\" src=\"https:\/\/arktika.lt\/wp-content\/uploads\/2008\/11\/420.jpg\"  class=\"attachment-large img-responsive\" alt=\"\" srcset=\"https:\/\/arktika.lt\/wp-content\/uploads\/2008\/11\/420.jpg 600w, https:\/\/arktika.lt\/wp-content\/uploads\/2008\/11\/420-200x150.jpg 200w, https:\/\/arktika.lt\/wp-content\/uploads\/2008\/11\/420-400x300.jpg 400w\" sizes=\"(max-width: 600px) 100vw, 600px\" \/><\/a><\/figure><\/li><li class='col-lg-3 col-md-3 col-sm-6 col-xs-12'><figure><a href=\"https:\/\/arktika.lt\/wp-content\/uploads\/2008\/11\/419.jpg\" class=\"gallery_colorbox\" title=\"419\" data-id=\"gallery-fb-1190\"><img loading=\"lazy\" decoding=\"async\" width=\"600\" height=\"415\" src=\"https:\/\/arktika.lt\/wp-content\/uploads\/2008\/11\/419.jpg\"  class=\"attachment-large img-responsive\" alt=\"\" srcset=\"https:\/\/arktika.lt\/wp-content\/uploads\/2008\/11\/419.jpg 600w, https:\/\/arktika.lt\/wp-content\/uploads\/2008\/11\/419-217x150.jpg 217w, https:\/\/arktika.lt\/wp-content\/uploads\/2008\/11\/419-434x300.jpg 434w\" sizes=\"(max-width: 600px) 100vw, 600px\" \/><\/a><\/figure><\/li><li class='col-lg-3 col-md-3 col-sm-6 col-xs-12'><figure><a href=\"https:\/\/arktika.lt\/wp-content\/uploads\/2008\/11\/116.jpg\" class=\"gallery_colorbox\" title=\"116\" data-id=\"gallery-fb-1190\"><img loading=\"lazy\" decoding=\"async\" width=\"600\" height=\"449\" src=\"https:\/\/arktika.lt\/wp-content\/uploads\/2008\/11\/116.jpg\"  class=\"attachment-large img-responsive\" alt=\"\" srcset=\"https:\/\/arktika.lt\/wp-content\/uploads\/2008\/11\/116.jpg 600w, https:\/\/arktika.lt\/wp-content\/uploads\/2008\/11\/116-200x150.jpg 200w, https:\/\/arktika.lt\/wp-content\/uploads\/2008\/11\/116-401x300.jpg 401w\" sizes=\"(max-width: 600px) 100vw, 600px\" \/><\/a><\/figure><\/li><li class='col-lg-3 col-md-3 col-sm-6 col-xs-12'><figure><a href=\"https:\/\/arktika.lt\/wp-content\/uploads\/2008\/11\/117.jpg\" class=\"gallery_colorbox\" title=\"117\" data-id=\"gallery-fb-1190\"><img loading=\"lazy\" decoding=\"async\" width=\"600\" height=\"450\" src=\"https:\/\/arktika.lt\/wp-content\/uploads\/2008\/11\/117.jpg\"  class=\"attachment-large img-responsive\" alt=\"\" srcset=\"https:\/\/arktika.lt\/wp-content\/uploads\/2008\/11\/117.jpg 600w, https:\/\/arktika.lt\/wp-content\/uploads\/2008\/11\/117-200x150.jpg 200w, https:\/\/arktika.lt\/wp-content\/uploads\/2008\/11\/117-400x300.jpg 400w\" sizes=\"(max-width: 600px) 100vw, 600px\" \/><\/a><\/figure><\/li><li class='col-lg-3 col-md-3 col-sm-6 col-xs-12'><figure><a href=\"https:\/\/arktika.lt\/wp-content\/uploads\/2008\/11\/110.jpg\" class=\"gallery_colorbox\" title=\"110\" data-id=\"gallery-fb-1190\"><img loading=\"lazy\" decoding=\"async\" width=\"565\" height=\"450\" src=\"https:\/\/arktika.lt\/wp-content\/uploads\/2008\/11\/110.jpg\"  class=\"attachment-large img-responsive\" alt=\"\" srcset=\"https:\/\/arktika.lt\/wp-content\/uploads\/2008\/11\/110.jpg 565w, https:\/\/arktika.lt\/wp-content\/uploads\/2008\/11\/110-188x150.jpg 188w, https:\/\/arktika.lt\/wp-content\/uploads\/2008\/11\/110-377x300.jpg 377w\" sizes=\"(max-width: 565px) 100vw, 565px\" \/><\/a><\/figure><\/li><li class='col-lg-3 col-md-3 col-sm-6 col-xs-12'><figure><a href=\"https:\/\/arktika.lt\/wp-content\/uploads\/2008\/11\/109.jpg\" class=\"gallery_colorbox\" title=\"109\" data-id=\"gallery-fb-1190\"><img loading=\"lazy\" decoding=\"async\" width=\"592\" height=\"447\" src=\"https:\/\/arktika.lt\/wp-content\/uploads\/2008\/11\/109.jpg\"  class=\"attachment-large img-responsive\" alt=\"\" srcset=\"https:\/\/arktika.lt\/wp-content\/uploads\/2008\/11\/109.jpg 592w, https:\/\/arktika.lt\/wp-content\/uploads\/2008\/11\/109-199x150.jpg 199w, https:\/\/arktika.lt\/wp-content\/uploads\/2008\/11\/109-397x300.jpg 397w\" sizes=\"(max-width: 592px) 100vw, 592px\" \/><\/a><\/figure><\/li><li class='col-lg-3 col-md-3 col-sm-6 col-xs-12'><figure><a href=\"https:\/\/arktika.lt\/wp-content\/uploads\/2008\/11\/8.jpg\" class=\"gallery_colorbox\" title=\"8\" data-id=\"gallery-fb-1190\"><img loading=\"lazy\" decoding=\"async\" width=\"598\" height=\"449\" src=\"https:\/\/arktika.lt\/wp-content\/uploads\/2008\/11\/8.jpg\"  class=\"attachment-large img-responsive\" alt=\"\" srcset=\"https:\/\/arktika.lt\/wp-content\/uploads\/2008\/11\/8.jpg 598w, https:\/\/arktika.lt\/wp-content\/uploads\/2008\/11\/8-200x150.jpg 200w, https:\/\/arktika.lt\/wp-content\/uploads\/2008\/11\/8-400x300.jpg 400w\" sizes=\"(max-width: 598px) 100vw, 598px\" \/><\/a><\/figure><\/li><li class='col-lg-3 col-md-3 col-sm-6 col-xs-12'><figure><a href=\"https:\/\/arktika.lt\/wp-content\/uploads\/2008\/11\/7.jpg\" class=\"gallery_colorbox\" title=\"7\" data-id=\"gallery-fb-1190\"><img loading=\"lazy\" decoding=\"async\" width=\"600\" height=\"449\" src=\"https:\/\/arktika.lt\/wp-content\/uploads\/2008\/11\/7.jpg\"  class=\"attachment-large img-responsive\" alt=\"\" srcset=\"https:\/\/arktika.lt\/wp-content\/uploads\/2008\/11\/7.jpg 600w, https:\/\/arktika.lt\/wp-content\/uploads\/2008\/11\/7-200x150.jpg 200w, https:\/\/arktika.lt\/wp-content\/uploads\/2008\/11\/7-401x300.jpg 401w\" sizes=\"(max-width: 600px) 100vw, 600px\" \/><\/a><\/figure><\/li><li class='col-lg-3 col-md-3 col-sm-6 col-xs-12'><figure><a href=\"https:\/\/arktika.lt\/wp-content\/uploads\/2008\/11\/5.jpg\" class=\"gallery_colorbox\" title=\"5\" data-id=\"gallery-fb-1190\"><img loading=\"lazy\" decoding=\"async\" width=\"597\" height=\"450\" src=\"https:\/\/arktika.lt\/wp-content\/uploads\/2008\/11\/5.jpg\"  class=\"attachment-large img-responsive\" alt=\"\" srcset=\"https:\/\/arktika.lt\/wp-content\/uploads\/2008\/11\/5.jpg 597w, https:\/\/arktika.lt\/wp-content\/uploads\/2008\/11\/5-199x150.jpg 199w, https:\/\/arktika.lt\/wp-content\/uploads\/2008\/11\/5-398x300.jpg 398w\" sizes=\"(max-width: 597px) 100vw, 597px\" \/><\/a><\/figure><\/li><li class='col-lg-3 col-md-3 col-sm-6 col-xs-12'><figure><a href=\"https:\/\/arktika.lt\/wp-content\/uploads\/2008\/11\/4.jpg\" class=\"gallery_colorbox\" title=\"4\" data-id=\"gallery-fb-1190\"><img loading=\"lazy\" decoding=\"async\" width=\"596\" height=\"450\" src=\"https:\/\/arktika.lt\/wp-content\/uploads\/2008\/11\/4.jpg\"  class=\"attachment-large img-responsive\" alt=\"\" srcset=\"https:\/\/arktika.lt\/wp-content\/uploads\/2008\/11\/4.jpg 596w, https:\/\/arktika.lt\/wp-content\/uploads\/2008\/11\/4-199x150.jpg 199w, https:\/\/arktika.lt\/wp-content\/uploads\/2008\/11\/4-397x300.jpg 397w\" sizes=\"(max-width: 596px) 100vw, 596px\" \/><\/a><\/figure><\/li><li class='col-lg-3 col-md-3 col-sm-6 col-xs-12'><figure><a href=\"https:\/\/arktika.lt\/wp-content\/uploads\/2008\/11\/3.jpg\" class=\"gallery_colorbox\" title=\"3\" data-id=\"gallery-fb-1190\"><img loading=\"lazy\" decoding=\"async\" width=\"600\" height=\"450\" src=\"https:\/\/arktika.lt\/wp-content\/uploads\/2008\/11\/3.jpg\"  class=\"attachment-large img-responsive\" alt=\"\" srcset=\"https:\/\/arktika.lt\/wp-content\/uploads\/2008\/11\/3.jpg 600w, https:\/\/arktika.lt\/wp-content\/uploads\/2008\/11\/3-200x150.jpg 200w, https:\/\/arktika.lt\/wp-content\/uploads\/2008\/11\/3-400x300.jpg 400w\" sizes=\"(max-width: 600px) 100vw, 600px\" \/><\/a><\/figure><\/li><li class='col-lg-3 col-md-3 col-sm-6 col-xs-12'><figure><a href=\"https:\/\/arktika.lt\/wp-content\/uploads\/2008\/11\/1.jpg\" class=\"gallery_colorbox\" title=\"1\" data-id=\"gallery-fb-1190\"><img loading=\"lazy\" decoding=\"async\" width=\"600\" height=\"450\" src=\"https:\/\/arktika.lt\/wp-content\/uploads\/2008\/11\/1.jpg\"  class=\"attachment-large img-responsive\" alt=\"\" srcset=\"https:\/\/arktika.lt\/wp-content\/uploads\/2008\/11\/1.jpg 600w, https:\/\/arktika.lt\/wp-content\/uploads\/2008\/11\/1-200x150.jpg 200w, https:\/\/arktika.lt\/wp-content\/uploads\/2008\/11\/1-400x300.jpg 400w\" sizes=\"(max-width: 600px) 100vw, 600px\" \/><\/a><\/figure><\/li><\/ul>\n<div style=\"clear: both;\"><\/div>\n<h3>Rezultatai<\/h3>\n<table border=\"0\" width=\"100%\" cellspacing=\"5\" align=\"center\">\n<tbody>\n<tr>\n<td>\n<table border=\"0\" width=\"100%\" cellspacing=\"2\" cellpadding=\"2\">\n<tbody>\n<tr>\n<td class=\"bottd\" align=\"left\" width=\"250\">\n<h4>RUDUO<br \/>\nINTERNATIONAl SLEDDOG RACE &#8222;BALTIC CUP 2008&#8221;, KERNAVE<\/h4>\n<\/td>\n<td class=\"bottd\" align=\"left\">\n<h4>2008.11.25-26<\/h4>\n<\/td>\n<\/tr>\n<tr>\n<td valign=\"top\">Klas\u0117 C<br \/>\nRace (6km+6km)<\/td>\n<td align=\"right\">Vieta 7<br \/>\n0:42:57,0 val<\/td>\n<\/tr>\n<\/tbody>\n<\/table>\n<\/td>\n<\/tr>\n<tr>\n<td>\n<table border=\"0\" width=\"100%\" cellspacing=\"2\" cellpadding=\"2\">\n<tbody>\n<tr>\n<td class=\"bottd\" align=\"left\" width=\"250\">\n<h4>PAVASARIS<br \/>\nLithuanian Dryland&#8217;2008<\/h4>\n<\/td>\n<td class=\"bottd\" align=\"left\">\n<h4>2008.04.05-06<\/h4>\n<\/td>\n<\/tr>\n<tr>\n<td valign=\"top\">Klas\u0117 C<br \/>\nRace (4 km+4 km)<\/td>\n<td align=\"right\">Vieta V<br \/>\n0:25:56 val<\/td>\n<\/tr>\n<\/tbody>\n<\/table>\n<\/td>\n<\/tr>\n<tr>\n<td>\n<table border=\"0\" width=\"100%\" cellspacing=\"2\" cellpadding=\"2\">\n<tbody>\n<tr>\n<td class=\"bottd\" align=\"left\" width=\"250\">\n<h4>RUDUO<br \/>\nLithuanian Dryland&#8217;2007<\/h4>\n<\/td>\n<td class=\"bottd\" align=\"left\">\n<h4>2007.11.11<\/h4>\n<\/td>\n<\/tr>\n<tr>\n<td valign=\"top\">Klas\u0117 B<br \/>\nRace 4 km<\/td>\n<td align=\"right\">Vieta II<br \/>\n0:15:26 val<\/td>\n<\/tr>\n<\/tbody>\n<\/table>\n<\/td>\n<\/tr>\n<tr>\n<td>\n<table border=\"0\" width=\"100%\" cellspacing=\"2\" cellpadding=\"2\">\n<tbody>\n<tr>\n<td class=\"bottd\" align=\"left\" width=\"250\">\n<h4>VASARA<br \/>\n&#8222;Jonini\u0173&#8221; race<\/h4>\n<\/td>\n<td class=\"bottd\" align=\"left\">\n<h4>2007.06.23<\/h4>\n<\/td>\n<\/tr>\n<tr>\n<td valign=\"top\">Klas\u0117 C<br \/>\nRace 4 km<\/td>\n<td align=\"right\">Vieta II<br \/>\n0:16:36 val<\/td>\n<\/tr>\n<\/tbody>\n<\/table>\n<\/td>\n<\/tr>\n<tr>\n<td>\n<table border=\"0\" width=\"100%\" cellspacing=\"2\" cellpadding=\"2\">\n<tbody>\n<tr>\n<td class=\"bottd\" align=\"left\" width=\"250\">\n<h4>PAVASARIS<br \/>\nLithuanian Dryland&#8217;2007<\/h4>\n<\/td>\n<td class=\"bottd\" align=\"left\">\n<h4>2007.04.21<\/h4>\n<\/td>\n<\/tr>\n<tr>\n<td valign=\"top\">Klas\u0117 D<br \/>\nRace 4 km<\/td>\n<td align=\"right\">Vieta II<br \/>\n0:13:35 val<\/td>\n<\/tr>\n<\/tbody>\n<\/table>\n<\/td>\n<\/tr>\n<tr>\n<td>\n<table border=\"0\" width=\"100%\" cellspacing=\"2\" cellpadding=\"2\">\n<tbody>\n<tr>\n<td class=\"bottd\" align=\"left\" width=\"250\">\n<h4>\u017dIEMA<br \/>\nwinter&#8217;2007<\/h4>\n<\/td>\n<td class=\"bottd\" align=\"left\">\n<h4>2007.02.18<\/h4>\n<\/td>\n<\/tr>\n<tr>\n<td valign=\"top\">Klas\u0117 D<br \/>\nRace (7 km day + 7 km night)<\/td>\n<td align=\"right\">Vieta II<br \/>\n1:14:29 val<\/td>\n<\/tr>\n<\/tbody>\n<\/table>\n<\/td>\n<\/tr>\n<\/tbody>\n<\/table>\n<p><\/p>","protected":false},"excerpt":{"rendered":"<p>Tamsus egli\u0173 mi\u0161kas r\u016bs\u010diai niaukst\u0117si abipus u\u017e\u0161alusios up\u0117s vagos. Neseniai pra\u016b\u017e\u0119s v\u0117jas nudrask\u0117 nuo med\u017ei\u0173 balt\u0105 \u0161erk\u0161no apdar\u0105, ir jie tarsi glaust\u0117si vienas prie&#8230; &nbsp; <a href=\"https:\/\/arktika.lt\/lt\/sled\/\" class=\"moretag\">Pla\u010diau&#8230;<\/a><\/p>\n","protected":false},"author":2,"featured_media":0,"parent":0,"menu_order":6,"comment_status":"closed","ping_status":"closed","template":"page-fullwidth.php","meta":{"footnotes":""},"_links":{"self":[{"href":"https:\/\/arktika.lt\/lt\/wp-json\/wp\/v2\/pages\/1190"}],"collection":[{"href":"https:\/\/arktika.lt\/lt\/wp-json\/wp\/v2\/pages"}],"about":[{"href":"https:\/\/arktika.lt\/lt\/wp-json\/wp\/v2\/types\/page"}],"author":[{"embeddable":true,"href":"https:\/\/arktika.lt\/lt\/wp-json\/wp\/v2\/users\/2"}],"replies":[{"embeddable":true,"href":"https:\/\/arktika.lt\/lt\/wp-json\/wp\/v2\/comments?post=1190"}],"version-history":[{"count":0,"href":"https:\/\/arktika.lt\/lt\/wp-json\/wp\/v2\/pages\/1190\/revisions"}],"wp:attachment":[{"href":"https:\/\/arktika.lt\/lt\/wp-json\/wp\/v2\/media?parent=1190"}],"curies":[{"name":"wp","href":"https:\/\/api.w.org\/{rel}","templated":true}]}}