{"id":1187,"date":"2016-06-27T09:45:43","date_gmt":"2016-06-27T06:45:43","guid":{"rendered":"http:\/\/arktika.lt\/?page_id=1187"},"modified":"2025-03-27T14:09:47","modified_gmt":"2025-03-27T12:09:47","slug":"puppies","status":"publish","type":"page","link":"https:\/\/arktika.lt\/lt\/puppies\/","title":{"rendered":"\u0160uniukai"},"content":{"rendered":"<p><b>Turime \u0161uniuk\u0173. <\/b><strong>\u00a02025.03.21<\/strong><\/p>\n<p><img loading=\"lazy\" decoding=\"async\" class=\"aligncenter\" src=\"https:\/\/arktika.lt\/wp-content\/uploads\/2025\/03\/elina-plany.jpg\" width=\"452\" height=\"481\" \/><\/p>\n<p><strong>M\u016bs\u0173 veisimo praeitas vadas galite pamatyti \u010dia:<\/strong><\/p>\n<ul>\n<li><span style=\"color: #cc9999;\">Vada<a style=\"color: #cc9999;\" href=\"https:\/\/arktika.lt\/vada-g-gnomai\/\"> G &#8211; 2020<\/a>\u00a0<\/span>:<br \/>\n<a href=\"http:\/\/arktika.lt\/en\/dog\/heep\/\">Snowmist&#8217;s Uriah Heep Arktika<\/a> \u00a0\u00d7 <a href=\"https:\/\/arktika.lt\/dog\/ovshow-fortune-cookie-for-arktika-cookie\/\">OVShow Fortune Cookie For Arktika<\/a><\/li>\n<\/ul>\n<ul>\n<li><span style=\"color: #cc9999;\">Vada<a style=\"color: #cc9999;\" href=\"http:\/\/arktika.lt\/vada-d\/\">\u00a0D &#8211; 201<\/a>6\u00a0<\/span>:<br \/>\n<a href=\"https:\/\/www.facebook.com\/acanfora.salvatore.7\/media_set?set=a.10205520303078053.1073741862.1566025809&amp;type=3\">Unicornhill That&#8217;s Liable<\/a> \u00a0\u00d7\u00a0<a href=\"http:\/\/arktika.lt\/en\/dog\/taffy\/\">Maple Taffy Of Poliarine Arktika<\/a><\/li>\n<li><span style=\"color: #cc9999;\"><a style=\"color: #cc9999;\" href=\"http:\/\/arktika.lt\/lt\/puppies\/a\/\">Vada A &#8211; 2015<\/a>\u00a0<\/span>:<br \/>\n<a href=\"http:\/\/www.snoebearsiberians.com\/fizzy\/\" target=\"_blank\" rel=\"noopener\">Snowmist&#8217;s Quicksilver Speigas<\/a> \u00d7 <a href=\"http:\/\/arktika.lt\/en\/dog\/chispa\/\">Chispa De Mallorca Of Arktika<\/a><\/li>\n<li><span style=\"color: #cc9999;\"><a style=\"color: #cc9999;\" href=\"http:\/\/arktika.lt\/puppies\/n\/\">Vada N &#8211; 2014<\/a>\u00a0<\/span>:<br \/>\n<a href=\"http:\/\/arktika.lt\/en\/dog\/heep\/\">Snowmist&#8217;s Uriah Heep Arktika<\/a> \u00d7 <a href=\"http:\/\/arktika.lt\/en\/dog\/taffy\/\">Maple Taffy Of Poliarine Arktika<\/a><\/li>\n<li><a href=\"http:\/\/arktika.lt\/puppies\/t\/\"><span style=\"color: #cc9999;\">Vada T &#8211; 2013<\/span><\/a><span style=\"color: #ff99cc;\">\u00a0<\/span>:<br \/>\n<a href=\"http:\/\/arktika.lt\/en\/dog\/heep\/\">Snowmist&#8217;s Uriah Heep Arktika<\/a> \u00d7 <a href=\"http:\/\/arktika.lt\/en\/dog\/chispa\/\">Chispa De Mallorca Of Arktika<\/a><\/li>\n<li><a href=\"http:\/\/arktika.lt\/puppies\/b\/\"><span style=\"color: #cc9999;\">Vada B &#8211; 2012<\/span>\u00a0<\/a>:<br \/>\n<a href=\"http:\/\/arktika.lt\/en\/dog\/heep\/\">Snowmist&#8217;s Uriah Heep Arktika<\/a> \u00d7 <a href=\"http:\/\/arktika.lt\/en\/dog\/chispa\/\">Chispa De Mallorca Of Arktika<\/a><\/li>\n<li><a href=\"http:\/\/arktika.lt\/puppies\/m\/\"><span style=\"color: #cc9999;\">Vada M &#8211; 2011\u00a0<\/span>:<\/a><br \/>\n<a href=\"http:\/\/www.snoebearsiberians.com\/fizzy\/\" target=\"_blank\" rel=\"noopener\">Snowmist&#8217;s Quicksilver Speigas<\/a> \u00d7 <a href=\"http:\/\/arktika.lt\/en\/dog\/chispa\/\">Chispa De Mallorca Of Arktika<\/a><\/li>\n<li><a href=\"http:\/\/arktika.lt\/puppies\/l\/\"><span style=\"color: #cc9999;\">Vada L &#8211; 2010<\/span><\/a>\u00a0:<br \/>\n<a href=\"http:\/\/www.dbarctic.pl\/ang\/e_casino.html\" target=\"_blank\" rel=\"noopener\">Casino Royale Of Cool Water<\/a> \u00d7 <a href=\"http:\/\/arktika.lt\/en\/dog\/tosia\/\">Ice-T&#8217;oshka Eskimoski Domek<\/a><\/li>\n<li><a href=\"http:\/\/arktika.lt\/lt\/puppies\/c\/\"><span style=\"color: #cc9999;\">Vada C &#8211; 2008<\/span>\u00a0<\/a>:<br \/>\n<a href=\"http:\/\/arktika.lt\/puppies\/c\/pedigree\/wolf\/\" target=\"_blank\" rel=\"noopener\">Karnovanda&#8217;s Alex Wolf<\/a> \u00d7 <a href=\"http:\/\/arktika.lt\/en\/dog\/tosia\/\">Ice-T&#8217;oshka Eskimoski Domek<\/a><\/li>\n<\/ul>\n<p><\/p>","protected":false},"excerpt":{"rendered":"<p>Turime \u0161uniuk\u0173. \u00a02025.03.21 M\u016bs\u0173 veisimo praeitas vadas galite pamatyti \u010dia: Vada G &#8211; 2020\u00a0: Snowmist&#8217;s Uriah Heep Arktika \u00a0\u00d7 OVShow Fortune Cookie For Arktika&#8230; &nbsp; <a href=\"https:\/\/arktika.lt\/lt\/puppies\/\" class=\"moretag\">Pla\u010diau&#8230;<\/a><\/p>\n","protected":false},"author":2,"featured_media":0,"parent":0,"menu_order":5,"comment_status":"closed","ping_status":"closed","template":"page-fullwidth.php","meta":{"footnotes":""},"_links":{"self":[{"href":"https:\/\/arktika.lt\/lt\/wp-json\/wp\/v2\/pages\/1187"}],"collection":[{"href":"https:\/\/arktika.lt\/lt\/wp-json\/wp\/v2\/pages"}],"about":[{"href":"https:\/\/arktika.lt\/lt\/wp-json\/wp\/v2\/types\/page"}],"author":[{"embeddable":true,"href":"https:\/\/arktika.lt\/lt\/wp-json\/wp\/v2\/users\/2"}],"replies":[{"embeddable":true,"href":"https:\/\/arktika.lt\/lt\/wp-json\/wp\/v2\/comments?post=1187"}],"version-history":[{"count":1,"href":"https:\/\/arktika.lt\/lt\/wp-json\/wp\/v2\/pages\/1187\/revisions"}],"predecessor-version":[{"id":4524,"href":"https:\/\/arktika.lt\/lt\/wp-json\/wp\/v2\/pages\/1187\/revisions\/4524"}],"wp:attachment":[{"href":"https:\/\/arktika.lt\/lt\/wp-json\/wp\/v2\/media?parent=1187"}],"curies":[{"name":"wp","href":"https:\/\/api.w.org\/{rel}","templated":true}]}}