{"id":4426,"date":"2021-01-27T19:22:16","date_gmt":"2021-01-27T17:22:16","guid":{"rendered":"https:\/\/arktika.lt\/?page_id=4426"},"modified":"2021-01-27T19:50:06","modified_gmt":"2021-01-27T17:50:06","slug":"vada-g-gnomai","status":"publish","type":"page","link":"https:\/\/arktika.lt\/en\/vada-g-gnomai\/","title":{"rendered":"Litter G &#8211; Gnomes"},"content":{"rendered":"<p>?Poliarine ARKTIKA Siberians glad to to share happy news that seven (like seven dwarfs) ?beautiful babies sired by BJISMCH Snowmist\u2019s Uriah Heep Arktika out of Ch MBISMJCH-CH OVShow Fortune Cookie For Arktika had arrived on the 14th of November.<\/p>\n<p>?In the litter there are 3 grey \u2013 white boys, 1 black \u2013 white boys and 3 grey \u2013 white girls.<\/p>\n<p>?\u200d\u2640\ufe0f??\u200d\u2642\ufe0fNames are old Scandinavian names of the gnomes:<\/p>\n<p>Females:<\/p>\n<p>Sigrun (&#8220;Victory rune&#8221;)<\/p>\n<p>Ulfrun (&#8220;Wolf rune&#8221;)<\/p>\n<p>Gerda* &#8211; dedicated to our frend Gerda Ma\u017eeikien\u0117<\/p>\n<p>Males:<\/p>\n<p>Andvari (&#8220;Careful one&#8221;, &#8220;Cautious spirit&#8221;, &#8220;Gentle breeze&#8221;)<\/p>\n<p>Hugstari (&#8220;Battle thinker&#8221; or &#8220;strategist&#8221;, &#8220;The bold one&#8221;)<\/p>\n<p>Sindri (&#8220;Spark&#8221;) Yngvi (&#8220;Prince&#8221; or &#8220;Warrior&#8221;)<\/p>\n<p>Father: <a href=\"https:\/\/arktika.lt\/dog\/heep\/\">BJIS MCH Snowmist&#8217;s Uriah Heep Arktika<\/a><\/p>\n<p>Mother : <a href=\"https:\/\/arktika.lt\/dog\/ovshow-fortune-cookie-for-arktika-cookie\/\">MBJISMBIS MJCH-CH OVShow Fortune Cookie for Arktika<\/a><\/p>\n<p>? Huge thank you for support to Silvija Bal\u010di\u016bnien\u0117 &amp; Justinas Bal\u010di\u016bnas!<\/p>\n<p>My biggest thanks to Svetlana Valueva &amp; Saulius Jermolajevas for beautiful photos!<\/p>\n<h3>Photo gallerys<\/h3>\n<p>&nbsp;<\/p>\n<div class=\"\">\n<h1 class=\"title-widget\">Foto galerija<\/h1><div class=\"gallery-wrapper\"><figure class=\"gallery-last-photo clearfix\"><a href=\"https:\/\/arktika.lt\/en\/gallery\/vada-g-gnomai\/\" title=\"Litter G &#8211; Gnomes 2020.11.14\"><img decoding=\"async\" src=\"https:\/\/arktika.lt\/wp-content\/uploads\/2020\/12\/D61H9881sm-1140x610.jpg\" class=\"attachment-post-thumbnail size-post-thumbnail wp-post-image\" alt=\"\" \/><\/a><\/figure><div class=\"gallery-info\"><span class=\"gallery-photos-num\">41<\/span><span class=\"gallery-photos-tag\">Photos<\/span><\/div><div class=\"gallery-meta\"><h1 class=\"gallery-title\"><a href=\"https:\/\/arktika.lt\/en\/gallery\/vada-g-gnomai\/\" title=\"Litter G &#8211; Gnomes 2020.11.14\">Litter G &#8211; Gnomes 2020.11.14<\/a><\/h1><\/div><\/div>\n<\/div>\n<div class=\"\">\n<h1 class=\"title-widget\">Foto galerija<\/h1><div class=\"gallery-wrapper\"><figure class=\"gallery-last-photo clearfix\"><a href=\"https:\/\/arktika.lt\/en\/gallery\/gnomaidanca-%f0%9f%a7%99%f0%9f%a7%99%e2%80%8d%e2%99%82%ef%b8%8f%f0%9f%a7%99%e2%80%8d%e2%99%80%ef%b8%8f%f0%9f%90%be%f0%9f%8c%9a\/\" title=\"Gnomes&#038;Danca ??\u200d\u2642\ufe0f?\u200d\u2640\ufe0f??\"><img decoding=\"async\" src=\"https:\/\/arktika.lt\/wp-content\/uploads\/2021\/01\/MG_5462_SJ-1140x610.jpg\" class=\"attachment-post-thumbnail size-post-thumbnail wp-post-image\" alt=\"\" \/><\/a><\/figure><div class=\"gallery-info\"><span class=\"gallery-photos-num\">35<\/span><span class=\"gallery-photos-tag\">Photos<\/span><\/div><div class=\"gallery-meta\"><h1 class=\"gallery-title\"><a href=\"https:\/\/arktika.lt\/en\/gallery\/gnomaidanca-%f0%9f%a7%99%f0%9f%a7%99%e2%80%8d%e2%99%82%ef%b8%8f%f0%9f%a7%99%e2%80%8d%e2%99%80%ef%b8%8f%f0%9f%90%be%f0%9f%8c%9a\/\" title=\"Gnomes&#038;Danca ??\u200d\u2642\ufe0f?\u200d\u2640\ufe0f??\">Gnomes&#038;Danca ??\u200d\u2642\ufe0f?\u200d\u2640\ufe0f??<\/a><\/h1><\/div><\/div>\n<\/div>\n<p>&nbsp;<\/p>\n<p>&nbsp;<\/p>\n<p>&nbsp;<\/p>","protected":false},"excerpt":{"rendered":"<p>?Poliarine ARKTIKA Siberians glad to to share happy news that seven (like seven dwarfs) ?beautiful babies sired by BJISMCH Snowmist\u2019s Uriah Heep Arktika out&#8230; &nbsp; <a href=\"https:\/\/arktika.lt\/en\/gallery\/gnomaidanca-%f0%9f%a7%99%f0%9f%a7%99%e2%80%8d%e2%99%82%ef%b8%8f%f0%9f%a7%99%e2%80%8d%e2%99%80%ef%b8%8f%f0%9f%90%be%f0%9f%8c%9a\/\" class=\"moretag\">Pla\u010diau&#8230;<\/a><\/p>\n","protected":false},"author":2,"featured_media":0,"parent":0,"menu_order":0,"comment_status":"closed","ping_status":"closed","template":"","meta":{"footnotes":""},"_links":{"self":[{"href":"https:\/\/arktika.lt\/en\/wp-json\/wp\/v2\/pages\/4426"}],"collection":[{"href":"https:\/\/arktika.lt\/en\/wp-json\/wp\/v2\/pages"}],"about":[{"href":"https:\/\/arktika.lt\/en\/wp-json\/wp\/v2\/types\/page"}],"author":[{"embeddable":true,"href":"https:\/\/arktika.lt\/en\/wp-json\/wp\/v2\/users\/2"}],"replies":[{"embeddable":true,"href":"https:\/\/arktika.lt\/en\/wp-json\/wp\/v2\/comments?post=4426"}],"version-history":[{"count":0,"href":"https:\/\/arktika.lt\/en\/wp-json\/wp\/v2\/pages\/4426\/revisions"}],"wp:attachment":[{"href":"https:\/\/arktika.lt\/en\/wp-json\/wp\/v2\/media?parent=4426"}],"curies":[{"name":"wp","href":"https:\/\/api.w.org\/{rel}","templated":true}]}}