{"id":1669,"date":"2016-06-29T18:40:44","date_gmt":"2016-06-29T15:40:44","guid":{"rendered":"http:\/\/arktika.lt\/?page_id=1669"},"modified":"2016-07-20T01:29:45","modified_gmt":"2016-07-19T22:29:45","slug":"t","status":"publish","type":"page","link":"https:\/\/arktika.lt\/en\/puppies\/t\/","title":{"rendered":"T-litter"},"content":{"rendered":"<p>Poliarine ARKTIKA Siberians glad to to share happy news that six beautiful babies out of our dogs\u00a0HEEP\u00a0and\u00a0CHISPA\u00a0had arrived on the 5th of December.<br \/>\n<strong>1 grey and 1 light red males, 3 grey and 1 red females.<\/strong><\/p>\n<table class=\" cke_show_border\" border=\"0\" width=\"650\" cellspacing=\"0\" cellpadding=\"0\" align=\"center\">\n<tbody>\n<tr>\n<td align=\"center\" width=\"300\"><a href=\"http:\/\/arktika.lt\/en\/sibes\/heep\/\"><img decoding=\"async\" class=\"picborder\" src=\"http:\/\/arktika.lt\/upload\/files\/221.jpg\" alt=\"~Heep~ SNOWMIST'S Uriah Heep Arktika\" \/><\/a><\/td>\n<td align=\"center\">\u00d7<\/td>\n<td align=\"center\" width=\"300\"><a href=\"http:\/\/arktika.lt\/en\/sibes\/chispa\/\"><img decoding=\"async\" class=\"picborder\" src=\"http:\/\/arktika.lt\/upload\/files\/239.jpg\" alt=\"~Chispa~ CHISPA de MALLORCA of ARKTIKA\" \/><\/a><\/td>\n<\/tr>\n<tr>\n<td class=\"center\" valign=\"top\"><a href=\"http:\/\/arktika.lt\/en\/sibes\/heep\/\"><img decoding=\"async\" src=\"http:\/\/arktika.lt\/design\/names\/heep.png\" alt=\"Heep\" border=\"0\" \/><\/a><br \/>\n<strong><span style=\"color: #cc9999;\">Snowmist&#8217;s Uriah Heep Arktika<\/span><\/strong><\/td>\n<td><\/td>\n<td class=\"center\" valign=\"top\"><a href=\"http:\/\/arktika.lt\/en\/sibes\/chispa\/\"><img decoding=\"async\" src=\"http:\/\/arktika.lt\/design\/names\/chispa.png\" alt=\"Chispa\" border=\"0\" \/><\/a><br \/>\n<span style=\"color: #cc9999;\"><strong>Chispa De Mallorca Of Arktika<\/strong><\/span><\/td>\n<\/tr>\n<tr>\n<td class=\"center\" valign=\"top\">BPIS V,\u00a0BJIS<\/td>\n<td><\/td>\n<td class=\"center\" valign=\"top\">PBIS, PBISS<\/td>\n<\/tr>\n<tr>\n<td class=\"center\" valign=\"top\">AM \/ CAN \/ POL \/ EST \/ LT CH<\/td>\n<td><\/td>\n<td class=\"center\" valign=\"top\">LT \/ LV \/ EST \/ BALT \/ SLO CH<\/td>\n<\/tr>\n<tr>\n<td class=\"center\" valign=\"top\">INTER CH<\/td>\n<td><\/td>\n<td class=\"center\" valign=\"top\">INTER CH<\/td>\n<\/tr>\n<tr>\n<td class=\"center\" valign=\"top\">LT \/ LV JCH<\/td>\n<td><\/td>\n<td class=\"center\" valign=\"top\">LT \/ LV \/ EST \/ BALT JCH<\/td>\n<\/tr>\n<tr>\n<td class=\"center\" valign=\"top\">LT JW&#8217;12, LV JW&#8217;12<\/td>\n<td><\/td>\n<td class=\"center\" valign=\"top\">EST JW&#8217;09, BALT W&#8217;10,\u00a0LT W&#8217;12, LV W&#8217;12<\/td>\n<\/tr>\n<tr>\n<td class=\"center\" valign=\"top\">Hips A\/A<br \/>\nElbows 0\/0<br \/>\nEyes clear (Certificate 2012)<\/td>\n<td><\/td>\n<td class=\"center\" valign=\"top\">Hips A\/A<br \/>\nElbows 0\/0<br \/>\nEyes clear (Certificate 2010, 2012)<br \/>\nPRA Optigen normal \/ clear<\/td>\n<\/tr>\n<tr>\n<td class=\"center\" valign=\"top\"><a href=\"http:\/\/www.youtube.com\/watch?v=BlliqCTCmXo\/\" target=\"_blank\">video<\/a><\/td>\n<td><\/td>\n<td class=\"center\" valign=\"top\"><a href=\"http:\/\/www.youtube.com\/watch?v=EPCL484BaFg\" target=\"_blank\">video<\/a><\/td>\n<\/tr>\n<\/tbody>\n<\/table>\n<p class=\"center\">\u2022 <a href=\"http:\/\/arktika.lt\/en\/puppies\/b\/pedigree\/\">T-litter pedigree<\/a> \u2022 <a href=\"https:\/\/www.facebook.com\/elina.sutiene\/media_set?set=a.10202932557023989.1505110101&amp;type=3&amp;qsefr=1\">T-litter gallery<\/a> \u2022<\/p>\n<p>Litter names :<br \/>\n<em>Grey female<\/em>\u00a0\u00a0<strong>The Lady Galadriel of Poliarine Arktika<\/strong> &#8211; <a href=\"http:\/\/lotr.wikia.com\/wiki\/Galadriel\">http:\/\/lotr.wikia.com\/wiki\/Galadriel<\/a><br \/>\n*Galadriel was the co-ruler and Lady of Lothl\u00f3rien along with her husband, Lord Celeborn.*<\/p>\n<p><em>Grey female 2<\/em> <strong>Tinuviel Of Poliarine Arktika<\/strong> &#8211; <a href=\"http:\/\/lotr.wikia.com\/wiki\/L%C3%BAthien\">http:\/\/lotr.wikia.com\/wiki\/L%C3%BAthien<\/a><br \/>\n*L\u00fathien Tin\u00faviel, was an Elf Maiden of Doriath, the wife of Beren Erchamion, and the most beautiful of all the Children of Il\u00favatar that has ever lived.*<\/p>\n<p><em>Grey female 3<\/em> <strong>Thenin Arwen of Poliarine Arktika<\/strong> &#8211; <a href=\"http:\/\/lotr.wikia.com\/wiki\/Arwen\">http:\/\/lotr.wikia.com\/wiki\/Arwen<\/a><br \/>\n*Arwen was the Half-Elven daughter of Elrond who was also known as Arwen Und\u00f3miel or Arwen Evenstar in Middle-earth. In marrying Aragorn II Elessar after the War of the Ring, she became Queen of the Reunited Kingdom of Arnor and Gondor, and like Beren and L\u00fathien before her she united Elf and Man in peaceful love and harmony, and became mortal. Thenin &#8211; in language of elves is strong, loyal, faithful*<\/p>\n<p><em>Red female<\/em>\u00a0\u00a0<strong>Tauriel of Poliarine Arktika<\/strong>\u00a0&#8211; <a href=\"http:\/\/lotr.wikia.com\/wiki\/Tauriel\">http:\/\/lotr.wikia.com\/wiki\/Tauriel<\/a><br \/>\n*Tauriel is a warrior and a captain of the Elven guard of Thranduil&#8217;s woodland realm*<\/p>\n<p><em>Grey male<\/em>\u00a0\u00a0<strong>Thranduil of Poliarine Arktika &#8211;<\/strong> <a href=\"http:\/\/lotr.wikia.com\/wiki\/Thranduil\">http:\/\/lotr.wikia.com\/wiki\/Thranduil<\/a><br \/>\n*Thranduil was a Sindarin elf, King of the Woodland Realm, and father of Legolas.*<\/p>\n<p><em>Light red male<\/em>\u00a0<strong>Tom Bombadil of Poliarine Arktika<\/strong>\u00a0&#8211; <a href=\"http:\/\/lotr.wikia.com\/wiki\/Tom_Bombadil\">http:\/\/lotr.wikia.com\/wiki\/Tom_Bombadil<\/a><br \/>\n*Tom Bombadil is called by the Elves Iarwain Ben-adar &#8220;Oldest and Fatherless&#8221; in Sindarin, and dwelt in the valley of the river Withywindle, east of the Shire. He set himself boundaries within which his power was extraordinary.*<\/p>\n<p><strong>______________________________________________________<\/strong><br \/>\nFom the first breeding of this couple in 2012, we&#8217;ve got great show dogs &#8211; Lithuanian\/Estonian\/Baltic Junior Champion\u00a0and Champion of Azerbaijan <a href=\"http:\/\/arktika.lt\/dog\/blooming-jasmine-of-poliarine-arktika\/\">Blooming Jasmine of Poliarine Arktika<\/a>, Ukrainian Junior Champion, Champion\u00a0<a href=\"http:\/\/arktika.lt\/dog\/baileys-candy-of-poliarine-arktika\/\">Baileys Candy of Poliarine Arktika<\/a>, Multi Best Baby &amp; Puppy in Show, Champion of Russia and RKF, Grand Champion Of Russia, Champion of National Club of Breed, Junior Champion Of Russia and Junior Champion of National Club of Breed\u00a0<a href=\"http:\/\/arktika.lt\/dog\/balada-boa-of-poliarine-arktika\/\">Balada Boa of Poliarine Arktika<\/a>, Best Juonior in Show, Champion of Russia and RKF, Grand Champion Of Russia, Champion of National Club of Breed, Lithu\u0430ni\u0430n ch\u0430mpion, Junior Champion Of Russia, Working Champion and Best Baby in Specialty Show\u00a0<a href=\"http:\/\/arktika.lt\/dog\/butterfly-vanessa-of-poliarine-arktika-but\/\">Butterfly Vanessa of Poliarine Arktika<\/a>, Best Puppy in Breed &amp; Puppy group 3\/Best Puppy in Breed &amp; puppy group 4\u00a0<a href=\"https:\/\/z-1-scontent-waw1-1.xx.fbcdn.net\/v\/t1.0-9\/1911916_10203271882066903_329589795_n.jpg?oh=7a6ff49f455394e3163a1345c3588593&amp;oe=57F18141\">Bulletproof of Poliarine Arktika<\/a>.<br \/>\nWe are very happy and over the moon with all the results, thank you all owners so much and hope that the new re-litter puppies will repeat the success!<\/p>","protected":false},"excerpt":{"rendered":"<p>Poliarine ARKTIKA Siberians glad to to share happy news that six beautiful babies out of our dogs\u00a0HEEP\u00a0and\u00a0CHISPA\u00a0had arrived on the 5th of December. 1&#8230; &nbsp; <a href=\"https:\/\/arktika.lt\/en\/puppies\/t\/\" class=\"moretag\">Pla\u010diau&#8230;<\/a><\/p>\n","protected":false},"author":1,"featured_media":0,"parent":1187,"menu_order":0,"comment_status":"closed","ping_status":"closed","template":"page-fullwidth.php","meta":{"footnotes":""},"_links":{"self":[{"href":"https:\/\/arktika.lt\/en\/wp-json\/wp\/v2\/pages\/1669"}],"collection":[{"href":"https:\/\/arktika.lt\/en\/wp-json\/wp\/v2\/pages"}],"about":[{"href":"https:\/\/arktika.lt\/en\/wp-json\/wp\/v2\/types\/page"}],"author":[{"embeddable":true,"href":"https:\/\/arktika.lt\/en\/wp-json\/wp\/v2\/users\/1"}],"replies":[{"embeddable":true,"href":"https:\/\/arktika.lt\/en\/wp-json\/wp\/v2\/comments?post=1669"}],"version-history":[{"count":0,"href":"https:\/\/arktika.lt\/en\/wp-json\/wp\/v2\/pages\/1669\/revisions"}],"up":[{"embeddable":true,"href":"https:\/\/arktika.lt\/en\/wp-json\/wp\/v2\/pages\/1187"}],"wp:attachment":[{"href":"https:\/\/arktika.lt\/en\/wp-json\/wp\/v2\/media?parent=1669"}],"curies":[{"name":"wp","href":"https:\/\/api.w.org\/{rel}","templated":true}]}}